{"id":569449,"date":"2024-09-12T12:35:12","date_gmt":"2024-09-12T16:35:12","guid":{"rendered":"https:\/\/fuzehr.com\/?page_id=569449"},"modified":"2024-11-29T09:17:08","modified_gmt":"2024-11-29T14:17:08","slug":"telechargez-notre-guide-dentretien-reussissez-votre-prochain-entretien","status":"publish","type":"page","link":"https:\/\/fuzehr.com\/fr\/telechargez-notre-guide-dentretien-reussissez-votre-prochain-entretien\/","title":{"rendered":"T\u00e9l\u00e9chargez notre guide d&rsquo;entretien &#8211; R\u00e9ussissez votre prochain entretien"},"content":{"rendered":"\t\t<div data-elementor-type=\"wp-page\" data-elementor-id=\"569449\" class=\"elementor elementor-569449 elementor-569421\">\n\t\t\t\t\t\t<div class=\"elementor-inner\">\n\t\t\t\t<div class=\"elementor-section-wrap\">\n\t\t\t\t\t\t\t\t\t<section data-dce-background-overlay-color=\"#000000\" data-dce-background-image-url=\"https:\/\/fuzehr.com\/wp-content\/uploads\/Interview-Workbook-Landing-Page-copy-2.webp\" class=\"elementor-section elementor-top-section elementor-element elementor-element-cfa9491 elementor-section-height-min-height elementor-section-boxed elementor-section-height-default elementor-section-items-middle\" data-id=\"cfa9491\" data-element_type=\"section\" data-settings=\"{&quot;background_background&quot;:&quot;classic&quot;}\">\n\t\t\t\t\t\t\t<div class=\"elementor-background-overlay\"><\/div>\n\t\t\t\t\t\t\t<div class=\"elementor-container elementor-column-gap-default\">\n\t\t\t\t\t\t\t<div class=\"elementor-row\">\n\t\t\t\t\t<div class=\"elementor-column elementor-col-50 elementor-top-column elementor-element elementor-element-d960d32\" data-id=\"d960d32\" data-element_type=\"column\">\n\t\t\t<div class=\"elementor-column-wrap elementor-element-populated\">\n\t\t\t\t\t\t\t<div class=\"elementor-widget-wrap\">\n\t\t\t\t\t\t<div class=\"elementor-element elementor-element-985561d elementor-widget elementor-widget-heading\" data-id=\"985561d\" data-element_type=\"widget\" data-widget_type=\"heading.default\">\n\t\t\t\t<div class=\"elementor-widget-container\">\n\t\t\t<h2 class=\"elementor-heading-title elementor-size-default\">Pr\u00e9parez-vous \u00e0 r\u00e9ussir votre prochain entretien !<\/h2>\t\t<\/div>\n\t\t\t\t<\/div>\n\t\t\t\t<div class=\"elementor-element elementor-element-3872582 elementor-widget elementor-widget-text-editor\" data-id=\"3872582\" data-element_type=\"widget\" data-widget_type=\"text-editor.default\">\n\t\t\t\t<div class=\"elementor-widget-container\">\n\t\t\t\t\t\t\t\t<div class=\"elementor-text-editor elementor-clearfix\">\n\t\t\t\t<p>Notre guide d&rsquo;entretien tout-en-un est l&rsquo;outil indispensable pour ma\u00eetriser chaque \u00e9tape du processus d&rsquo;entretien &#8211; avant l&rsquo;entretien, le jour de l&rsquo;entretien et apr\u00e8s l&rsquo;entretien. Il comprend des conseils pratiques, de la pr\u00e9paration au suivi, ainsi que des exercices \u00e9crits pour vous aider \u00e0 pratiquer et \u00e0 affiner vos comp\u00e9tences, afin de vous assurer que vous \u00eates parfaitement pr\u00e9par\u00e9 \u00e0 r\u00e9ussir.<\/p>\t\t\t\t\t<\/div>\n\t\t\t\t\t\t<\/div>\n\t\t\t\t<\/div>\n\t\t\t\t<div class=\"elementor-element elementor-element-5b20119 elementor-widget elementor-widget-button\" data-id=\"5b20119\" data-element_type=\"widget\" data-widget_type=\"button.default\">\n\t\t\t\t<div class=\"elementor-widget-container\">\n\t\t\t\t\t<div class=\"elementor-button-wrapper\">\n\t\t\t<a href=\"#download\" class=\"elementor-button-link elementor-button elementor-size-md\" role=\"button\">\n\t\t\t\t\t\t<span class=\"elementor-button-content-wrapper\">\n\t\t\t\t\t\t<span class=\"elementor-button-text\">T\u00e9l\u00e9chargez maintenant<\/span>\n\t\t<\/span>\n\t\t\t\t\t<\/a>\n\t\t<\/div>\n\t\t\t\t<\/div>\n\t\t\t\t<\/div>\n\t\t\t\t\t\t<\/div>\n\t\t\t\t\t<\/div>\n\t\t<\/div>\n\t\t\t\t<div class=\"elementor-column elementor-col-50 elementor-top-column elementor-element elementor-element-60dda53\" data-id=\"60dda53\" data-element_type=\"column\">\n\t\t\t<div class=\"elementor-column-wrap\">\n\t\t\t\t\t\t\t<div class=\"elementor-widget-wrap\">\n\t\t\t\t\t\t\t\t<\/div>\n\t\t\t\t\t<\/div>\n\t\t<\/div>\n\t\t\t\t\t\t\t\t<\/div>\n\t\t\t\t\t<\/div>\n\t\t<\/section>\n\t\t\t\t<section class=\"elementor-section elementor-top-section elementor-element elementor-element-d21c662 elementor-section-boxed elementor-section-height-default elementor-section-height-default\" data-id=\"d21c662\" data-element_type=\"section\">\n\t\t\t\t\t\t<div class=\"elementor-container elementor-column-gap-wider\">\n\t\t\t\t\t\t\t<div class=\"elementor-row\">\n\t\t\t\t\t<div class=\"elementor-column elementor-col-33 elementor-top-column elementor-element elementor-element-7f6af57\" data-id=\"7f6af57\" data-element_type=\"column\">\n\t\t\t<div class=\"elementor-column-wrap elementor-element-populated\">\n\t\t\t\t\t\t\t<div class=\"elementor-widget-wrap\">\n\t\t\t\t\t\t<div class=\"elementor-element elementor-element-ef8af4e elementor-view-framed elementor-shape-circle elementor-mobile-position-top elementor-vertical-align-top elementor-invisible elementor-widget elementor-widget-icon-box\" data-id=\"ef8af4e\" data-element_type=\"widget\" data-settings=\"{&quot;_animation&quot;:&quot;bounceIn&quot;}\" data-widget_type=\"icon-box.default\">\n\t\t\t\t<div class=\"elementor-widget-container\">\n\t\t\t\t\t<div class=\"elementor-icon-box-wrapper\">\n\t\t\t\t\t\t<div class=\"elementor-icon-box-icon\">\n\t\t\t\t<span class=\"elementor-icon elementor-animation-\" >\n\t\t\t\t<i aria-hidden=\"true\" class=\"far fa-lightbulb\"><\/i>\t\t\t\t<\/span>\n\t\t\t<\/div>\n\t\t\t\t\t\t<div class=\"elementor-icon-box-content\">\n\t\t\t\t<h3 class=\"elementor-icon-box-title\">\n\t\t\t\t\t<span  >\n\t\t\t\t\t\tConseils d'experts pour chaque \u00e9tape de l'entretien\t\t\t\t\t<\/span>\n\t\t\t\t<\/h3>\n\t\t\t\t\t\t\t<\/div>\n\t\t<\/div>\n\t\t\t\t<\/div>\n\t\t\t\t<\/div>\n\t\t\t\t\t\t<\/div>\n\t\t\t\t\t<\/div>\n\t\t<\/div>\n\t\t\t\t<div class=\"elementor-column elementor-col-33 elementor-top-column elementor-element elementor-element-fc02332\" data-id=\"fc02332\" data-element_type=\"column\">\n\t\t\t<div class=\"elementor-column-wrap elementor-element-populated\">\n\t\t\t\t\t\t\t<div class=\"elementor-widget-wrap\">\n\t\t\t\t\t\t<div class=\"elementor-element elementor-element-87fc9a8 elementor-view-framed elementor-shape-circle elementor-mobile-position-top elementor-vertical-align-top elementor-invisible elementor-widget elementor-widget-icon-box\" data-id=\"87fc9a8\" data-element_type=\"widget\" data-settings=\"{&quot;_animation&quot;:&quot;bounceIn&quot;,&quot;_animation_delay&quot;:500}\" data-widget_type=\"icon-box.default\">\n\t\t\t\t<div class=\"elementor-widget-container\">\n\t\t\t\t\t<div class=\"elementor-icon-box-wrapper\">\n\t\t\t\t\t\t<div class=\"elementor-icon-box-icon\">\n\t\t\t\t<span class=\"elementor-icon elementor-animation-\" >\n\t\t\t\t<i aria-hidden=\"true\" class=\"far fa-edit\"><\/i>\t\t\t\t<\/span>\n\t\t\t<\/div>\n\t\t\t\t\t\t<div class=\"elementor-icon-box-content\">\n\t\t\t\t<h3 class=\"elementor-icon-box-title\">\n\t\t\t\t\t<span  >\n\t\t\t\t\t\tExercices interactifs pour renforcer la confiance\t\t\t\t\t<\/span>\n\t\t\t\t<\/h3>\n\t\t\t\t\t\t\t<\/div>\n\t\t<\/div>\n\t\t\t\t<\/div>\n\t\t\t\t<\/div>\n\t\t\t\t\t\t<\/div>\n\t\t\t\t\t<\/div>\n\t\t<\/div>\n\t\t\t\t<div class=\"elementor-column elementor-col-33 elementor-top-column elementor-element elementor-element-d1a57b4\" data-id=\"d1a57b4\" data-element_type=\"column\">\n\t\t\t<div class=\"elementor-column-wrap elementor-element-populated\">\n\t\t\t\t\t\t\t<div class=\"elementor-widget-wrap\">\n\t\t\t\t\t\t<div class=\"elementor-element elementor-element-25c3b5f elementor-view-framed elementor-shape-circle elementor-mobile-position-top elementor-vertical-align-top elementor-invisible elementor-widget elementor-widget-icon-box\" data-id=\"25c3b5f\" data-element_type=\"widget\" data-settings=\"{&quot;_animation&quot;:&quot;bounceIn&quot;,&quot;_animation_delay&quot;:1000}\" data-widget_type=\"icon-box.default\">\n\t\t\t\t<div class=\"elementor-widget-container\">\n\t\t\t\t\t<div class=\"elementor-icon-box-wrapper\">\n\t\t\t\t\t\t<div class=\"elementor-icon-box-icon\">\n\t\t\t\t<span class=\"elementor-icon elementor-animation-\" >\n\t\t\t\t<i aria-hidden=\"true\" class=\"far fa-comments\"><\/i>\t\t\t\t<\/span>\n\t\t\t<\/div>\n\t\t\t\t\t\t<div class=\"elementor-icon-box-content\">\n\t\t\t\t<h3 class=\"elementor-icon-box-title\">\n\t\t\t\t\t<span  >\n\t\t\t\t\t\tExemples de questions et de r\u00e9ponses\t\t\t\t\t<\/span>\n\t\t\t\t<\/h3>\n\t\t\t\t\t\t\t<\/div>\n\t\t<\/div>\n\t\t\t\t<\/div>\n\t\t\t\t<\/div>\n\t\t\t\t\t\t<\/div>\n\t\t\t\t\t<\/div>\n\t\t<\/div>\n\t\t\t\t\t\t\t\t<\/div>\n\t\t\t\t\t<\/div>\n\t\t<\/section>\n\t\t\t\t<section class=\"elementor-section elementor-top-section elementor-element elementor-element-3d40240 elementor-section-boxed elementor-section-height-default elementor-section-height-default\" data-id=\"3d40240\" data-element_type=\"section\" id=\"download\">\n\t\t\t\t\t\t<div class=\"elementor-container elementor-column-gap-default\">\n\t\t\t\t\t\t\t<div class=\"elementor-row\">\n\t\t\t\t\t<div class=\"elementor-column elementor-col-50 elementor-top-column elementor-element elementor-element-9f89344\" data-id=\"9f89344\" data-element_type=\"column\">\n\t\t\t<div class=\"elementor-column-wrap elementor-element-populated\">\n\t\t\t\t\t\t\t<div class=\"elementor-widget-wrap\">\n\t\t\t\t\t\t<div class=\"elementor-element elementor-element-e6874c0 elementor-widget elementor-widget-text-editor\" data-id=\"e6874c0\" data-element_type=\"widget\" data-widget_type=\"text-editor.default\">\n\t\t\t\t<div class=\"elementor-widget-container\">\n\t\t\t\t\t\t\t\t<div class=\"elementor-text-editor elementor-clearfix\">\n\t\t\t\t<h4>Dans le livret 1, vous apprendrez \u00e0<\/h4>\n<ul>\n<li>Faire des recherches<\/li>\n<li>R\u00e9pondre \u00e0 la question \u00ab Parlez-moi de vous \u00bb<\/li>\n<li>Se pr\u00e9parer aux questions d&rsquo;entretien les plus courantes<\/li>\n<li>R\u00e9pondre aux questions courantes d&rsquo;entretien situationnel<\/li>\n<li>Expliquer les lacunes de votre CV<\/li>\n<li>Trouver des questions \u00e0 poser \u00e0 vos interlocuteurs<\/li>\n<\/ul>\t\t\t\t\t<\/div>\n\t\t\t\t\t\t<\/div>\n\t\t\t\t<\/div>\n\t\t\t\t<div class=\"elementor-element elementor-element-643bda2 elementor-widget elementor-widget-text-editor\" data-id=\"643bda2\" data-element_type=\"widget\" data-widget_type=\"text-editor.default\">\n\t\t\t\t<div class=\"elementor-widget-container\">\n\t\t\t\t\t\t\t\t<div class=\"elementor-text-editor elementor-clearfix\">\n\t\t\t\t<h4>Dans le livre 2, apprenez \u00e0 :<\/h4><ul><li>Faire la meilleure premi\u00e8re impression<\/li><li>Comment \u00e9tablir un rapport avec votre employeur<\/li><li>Envoyer un courriel de remerciement<\/li><li>Savoir quand assurer le suivi<\/li><li>Prendre soin de vous apr\u00e8s l&rsquo;entretien<\/li><\/ul>\t\t\t\t\t<\/div>\n\t\t\t\t\t\t<\/div>\n\t\t\t\t<\/div>\n\t\t\t\t\t\t<\/div>\n\t\t\t\t\t<\/div>\n\t\t<\/div>\n\t\t\t\t<div class=\"elementor-column elementor-col-50 elementor-top-column elementor-element elementor-element-0086618\" data-id=\"0086618\" data-element_type=\"column\" data-settings=\"{&quot;background_background&quot;:&quot;classic&quot;}\">\n\t\t\t<div class=\"elementor-column-wrap elementor-element-populated\">\n\t\t\t\t\t\t\t<div class=\"elementor-widget-wrap\">\n\t\t\t\t\t\t<div class=\"elementor-element elementor-element-a6cd07d elementor-widget elementor-widget-heading\" data-id=\"a6cd07d\" data-element_type=\"widget\" data-widget_type=\"heading.default\">\n\t\t\t\t<div class=\"elementor-widget-container\">\n\t\t\t<h3 class=\"elementor-heading-title elementor-size-default\">T\u00e9l\u00e9charger ici:<\/h3>\t\t<\/div>\n\t\t\t\t<\/div>\n\t\t\t\t<div data-dce-advanced-background-color=\"#EEF0F3\" class=\"elementor-element elementor-element-a543c6c elementor-button-align-stretch elementor-widget elementor-widget-form\" data-id=\"a543c6c\" data-element_type=\"widget\" data-settings=\"{&quot;step_next_label&quot;:&quot;Next&quot;,&quot;step_previous_label&quot;:&quot;Previous&quot;,&quot;button_width&quot;:&quot;100&quot;,&quot;step_type&quot;:&quot;number_text&quot;,&quot;step_icon_shape&quot;:&quot;circle&quot;}\" data-widget_type=\"form.default\">\n\t\t\t\t<div class=\"elementor-widget-container\">\n\t\t\t\t\t<form class=\"elementor-form\" method=\"post\" name=\"interview guide - french\">\n\t\t\t<input type=\"hidden\" name=\"post_id\" value=\"569449\"\/>\n\t\t\t<input type=\"hidden\" name=\"form_id\" value=\"a543c6c\"\/>\n\t\t\t<input type=\"hidden\" name=\"referer_title\" value=\"Fuze HR Solutions\" \/>\n\n\t\t\t\n\t\t\t<div class=\"elementor-form-fields-wrapper elementor-labels-above\">\n\t\t\t\t\t\t\t\t<div class=\"elementor-field-type-text elementor-field-group elementor-column elementor-field-group-name elementor-col-100\">\n\t\t\t\t\t\t\t\t\t\t\t\t<label for=\"form-field-name\" class=\"elementor-field-label\">\n\t\t\t\t\t\t\t\tNom\t\t\t\t\t\t\t<\/label>\n\t\t\t\t\t\t\t\t\t\t\t\t\t\t<input size=\"1\" type=\"text\" name=\"form_fields[name]\" id=\"form-field-name\" class=\"elementor-field elementor-size-sm  elementor-field-textual\" placeholder=\"Nom\">\n\t\t\t\t\t\t\t\t\t\t\t<\/div>\n\t\t\t\t\t\t\t\t<div class=\"elementor-field-type-email elementor-field-group elementor-column elementor-field-group-email elementor-col-100 elementor-field-required\">\n\t\t\t\t\t\t\t\t\t\t\t\t<label for=\"form-field-email\" class=\"elementor-field-label\">\n\t\t\t\t\t\t\t\tCourriel\t\t\t\t\t\t\t<\/label>\n\t\t\t\t\t\t\t\t\t\t\t\t\t\t<input size=\"1\" type=\"email\" name=\"form_fields[email]\" id=\"form-field-email\" class=\"elementor-field elementor-size-sm  elementor-field-textual\" placeholder=\"Courriel\" required=\"required\" aria-required=\"true\">\n\t\t\t\t\t\t\t\t\t\t\t<\/div>\n\t\t\t\t\t\t\t\t<div class=\"elementor-field-type-text elementor-field-group elementor-column elementor-field-group-field_b9886f7 elementor-col-100\">\n\t\t\t\t\t\t\t\t\t\t\t\t<label for=\"form-field-field_b9886f7\" class=\"elementor-field-label\">\n\t\t\t\t\t\t\t\tDans quel domaine travaillez-vous ?\t\t\t\t\t\t\t<\/label>\n\t\t\t\t\t\t\t\t\t\t\t\t\t\t<input size=\"1\" type=\"text\" name=\"form_fields[field_b9886f7]\" id=\"form-field-field_b9886f7\" class=\"elementor-field elementor-size-sm  elementor-field-textual\" placeholder=\"Dans quel domaine travaillez-vous ?\">\n\t\t\t\t\t\t\t\t\t\t\t<\/div>\n\t\t\t\t\t\t\t\t<div class=\"elementor-field-group elementor-column elementor-field-type-submit elementor-col-100 e-form__buttons\">\n\t\t\t\t\t<button type=\"submit\" class=\"elementor-button elementor-size-sm\">\n\t\t\t\t\t\t<span >\n\t\t\t\t\t\t\t\t\t\t\t\t\t\t\t<span class=\" elementor-button-icon\">\n\t\t\t\t\t\t\t\t\t\t\t\t\t\t\t\t\t\t\t\t\t\t\t\t\t\t<\/span>\n\t\t\t\t\t\t\t\t\t\t\t\t\t\t\t\t\t\t\t\t\t\t<span class=\"elementor-button-text\">T\u00e9l\u00e9charger<\/span>\n\t\t\t\t\t\t\t\t\t\t\t\t\t<\/span>\n\t\t\t\t\t<\/button>\n\t\t\t\t<\/div>\n\t\t\t<\/div>\n\t\t<\/form>\n\t\t\t\t<\/div>\n\t\t\t\t<\/div>\n\t\t\t\t\t\t<\/div>\n\t\t\t\t\t<\/div>\n\t\t<\/div>\n\t\t\t\t\t\t\t\t<\/div>\n\t\t\t\t\t<\/div>\n\t\t<\/section>\n\t\t\t\t\t\t\t\t\t<\/div>\n\t\t\t<\/div>\n\t\t\t\t\t<\/div>\n\t\t","protected":false},"excerpt":{"rendered":"<p>Pr\u00e9parez-vous \u00e0 r\u00e9ussir votre prochain entretien ! Notre guide d&rsquo;entretien tout-en-un est l&rsquo;outil indispensable pour ma\u00eetriser chaque \u00e9tape du processus d&rsquo;entretien &#8211; avant l&rsquo;entretien, le jour de l&rsquo;entretien et apr\u00e8s l&rsquo;entretien. Il comprend des conseils pratiques, de la pr\u00e9paration au suivi, ainsi que des exercices \u00e9crits pour vous aider \u00e0 pratiquer et \u00e0 affiner vos [&hellip;]<\/p>\n","protected":false},"author":3,"featured_media":570084,"parent":0,"menu_order":0,"comment_status":"closed","ping_status":"closed","template":"elementor_header_footer","meta":{"footnotes":""},"yoast_head":"<!-- This site is optimized with the Yoast SEO plugin v23.5 - https:\/\/yoast.com\/wordpress\/plugins\/seo\/ -->\n<title>T\u00e9l\u00e9chargez notre guide d&#039;entretien - R\u00e9ussissez votre prochain entretien - Fuze HR Solutions<\/title>\n<meta name=\"description\" content=\"Obtenez des conseils d&#039;experts et des exercices pour ma\u00eetriser chaque \u00e9tape de votre entretien. T\u00e9l\u00e9chargez notre guide d&#039;entretien tout-en-un d\u00e8s maintenant !\" \/>\n<meta name=\"robots\" content=\"index, follow, max-snippet:-1, max-image-preview:large, max-video-preview:-1\" \/>\n<link rel=\"canonical\" href=\"https:\/\/fuzehr.com\/fr\/telechargez-notre-guide-dentretien-reussissez-votre-prochain-entretien\/\" \/>\n<meta property=\"og:locale\" content=\"fr_FR\" \/>\n<meta property=\"og:type\" content=\"article\" \/>\n<meta property=\"og:title\" content=\"T\u00e9l\u00e9chargez notre guide d&#039;entretien - R\u00e9ussissez votre prochain entretien - Fuze HR Solutions\" \/>\n<meta property=\"og:description\" content=\"Obtenez des conseils d&#039;experts et des exercices pour ma\u00eetriser chaque \u00e9tape de votre entretien. T\u00e9l\u00e9chargez notre guide d&#039;entretien tout-en-un d\u00e8s maintenant !\" \/>\n<meta property=\"og:url\" content=\"https:\/\/fuzehr.com\/fr\/telechargez-notre-guide-dentretien-reussissez-votre-prochain-entretien\/\" \/>\n<meta property=\"og:site_name\" content=\"Fuze HR Solutions\" \/>\n<meta property=\"article:modified_time\" content=\"2024-11-29T14:17:08+00:00\" \/>\n<meta property=\"og:image\" content=\"https:\/\/fuzehr.com\/wp-content\/uploads\/guide-entretien-pour-la-reussite.jpg\" \/>\n\t<meta property=\"og:image:width\" content=\"1200\" \/>\n\t<meta property=\"og:image:height\" content=\"731\" \/>\n\t<meta property=\"og:image:type\" content=\"image\/jpeg\" \/>\n<meta name=\"twitter:card\" content=\"summary_large_image\" \/>\n<meta name=\"twitter:site\" content=\"@fuzehr\" \/>\n<meta name=\"twitter:label1\" content=\"Dur\u00e9e de lecture estim\u00e9e\" \/>\n\t<meta name=\"twitter:data1\" content=\"1 minute\" \/>\n<script type=\"application\/ld+json\" class=\"yoast-schema-graph\">{\"@context\":\"https:\/\/schema.org\",\"@graph\":[{\"@type\":\"WebPage\",\"@id\":\"https:\/\/fuzehr.com\/fr\/telechargez-notre-guide-dentretien-reussissez-votre-prochain-entretien\/\",\"url\":\"https:\/\/fuzehr.com\/fr\/telechargez-notre-guide-dentretien-reussissez-votre-prochain-entretien\/\",\"name\":\"T\u00e9l\u00e9chargez notre guide d'entretien - R\u00e9ussissez votre prochain entretien - Fuze HR Solutions\",\"isPartOf\":{\"@id\":\"https:\/\/fuzehr.com\/fr\/#website\"},\"primaryImageOfPage\":{\"@id\":\"https:\/\/fuzehr.com\/fr\/telechargez-notre-guide-dentretien-reussissez-votre-prochain-entretien\/#primaryimage\"},\"image\":{\"@id\":\"https:\/\/fuzehr.com\/fr\/telechargez-notre-guide-dentretien-reussissez-votre-prochain-entretien\/#primaryimage\"},\"thumbnailUrl\":\"https:\/\/fuzehr.com\/wp-content\/uploads\/guide-entretien-pour-la-reussite.jpg\",\"datePublished\":\"2024-09-12T16:35:12+00:00\",\"dateModified\":\"2024-11-29T14:17:08+00:00\",\"description\":\"Obtenez des conseils d'experts et des exercices pour ma\u00eetriser chaque \u00e9tape de votre entretien. T\u00e9l\u00e9chargez notre guide d'entretien tout-en-un d\u00e8s maintenant !\",\"breadcrumb\":{\"@id\":\"https:\/\/fuzehr.com\/fr\/telechargez-notre-guide-dentretien-reussissez-votre-prochain-entretien\/#breadcrumb\"},\"inLanguage\":\"fr-FR\",\"potentialAction\":[{\"@type\":\"ReadAction\",\"target\":[\"https:\/\/fuzehr.com\/fr\/telechargez-notre-guide-dentretien-reussissez-votre-prochain-entretien\/\"]}]},{\"@type\":\"ImageObject\",\"inLanguage\":\"fr-FR\",\"@id\":\"https:\/\/fuzehr.com\/fr\/telechargez-notre-guide-dentretien-reussissez-votre-prochain-entretien\/#primaryimage\",\"url\":\"https:\/\/fuzehr.com\/wp-content\/uploads\/guide-entretien-pour-la-reussite.jpg\",\"contentUrl\":\"https:\/\/fuzehr.com\/wp-content\/uploads\/guide-entretien-pour-la-reussite.jpg\",\"width\":1200,\"height\":731},{\"@type\":\"BreadcrumbList\",\"@id\":\"https:\/\/fuzehr.com\/fr\/telechargez-notre-guide-dentretien-reussissez-votre-prochain-entretien\/#breadcrumb\",\"itemListElement\":[{\"@type\":\"ListItem\",\"position\":1,\"name\":\"Home\",\"item\":\"https:\/\/fuzehr.com\/fr\/\"},{\"@type\":\"ListItem\",\"position\":2,\"name\":\"T\u00e9l\u00e9chargez notre guide d&#8217;entretien &#8211; R\u00e9ussissez votre prochain entretien\"}]},{\"@type\":\"WebSite\",\"@id\":\"https:\/\/fuzehr.com\/fr\/#website\",\"url\":\"https:\/\/fuzehr.com\/fr\/\",\"name\":\"Fuze HR Solutions\",\"description\":\"Staffing &amp; Recruitment Agency | Temporary &amp; Permanent Jobs\",\"publisher\":{\"@id\":\"https:\/\/fuzehr.com\/fr\/#organization\"},\"potentialAction\":[{\"@type\":\"SearchAction\",\"target\":{\"@type\":\"EntryPoint\",\"urlTemplate\":\"https:\/\/fuzehr.com\/fr\/?s={search_term_string}\"},\"query-input\":{\"@type\":\"PropertyValueSpecification\",\"valueRequired\":true,\"valueName\":\"search_term_string\"}}],\"inLanguage\":\"fr-FR\"},{\"@type\":\"Organization\",\"@id\":\"https:\/\/fuzehr.com\/fr\/#organization\",\"name\":\"Fuze HR Solutions Inc.\",\"url\":\"https:\/\/fuzehr.com\/fr\/\",\"logo\":{\"@type\":\"ImageObject\",\"inLanguage\":\"fr-FR\",\"@id\":\"https:\/\/fuzehr.com\/fr\/#\/schema\/logo\/image\/\",\"url\":\"https:\/\/fuzehr.com\/wp-content\/uploads\/logo.png\",\"contentUrl\":\"https:\/\/fuzehr.com\/wp-content\/uploads\/logo.png\",\"width\":512,\"height\":512,\"caption\":\"Fuze HR Solutions Inc.\"},\"image\":{\"@id\":\"https:\/\/fuzehr.com\/fr\/#\/schema\/logo\/image\/\"},\"sameAs\":[\"https:\/\/x.com\/fuzehr\",\"https:\/\/www.linkedin.com\/company\/fuzehrsolutions\"]}]}<\/script>\n<!-- \/ Yoast SEO plugin. -->","yoast_head_json":{"title":"T\u00e9l\u00e9chargez notre guide d'entretien - R\u00e9ussissez votre prochain entretien - Fuze HR Solutions","description":"Obtenez des conseils d'experts et des exercices pour ma\u00eetriser chaque \u00e9tape de votre entretien. T\u00e9l\u00e9chargez notre guide d'entretien tout-en-un d\u00e8s maintenant !","robots":{"index":"index","follow":"follow","max-snippet":"max-snippet:-1","max-image-preview":"max-image-preview:large","max-video-preview":"max-video-preview:-1"},"canonical":"https:\/\/fuzehr.com\/fr\/telechargez-notre-guide-dentretien-reussissez-votre-prochain-entretien\/","og_locale":"fr_FR","og_type":"article","og_title":"T\u00e9l\u00e9chargez notre guide d'entretien - R\u00e9ussissez votre prochain entretien - Fuze HR Solutions","og_description":"Obtenez des conseils d'experts et des exercices pour ma\u00eetriser chaque \u00e9tape de votre entretien. T\u00e9l\u00e9chargez notre guide d'entretien tout-en-un d\u00e8s maintenant !","og_url":"https:\/\/fuzehr.com\/fr\/telechargez-notre-guide-dentretien-reussissez-votre-prochain-entretien\/","og_site_name":"Fuze HR Solutions","article_modified_time":"2024-11-29T14:17:08+00:00","og_image":[{"width":1200,"height":731,"url":"https:\/\/fuzehr.com\/wp-content\/uploads\/guide-entretien-pour-la-reussite.jpg","type":"image\/jpeg"}],"twitter_card":"summary_large_image","twitter_site":"@fuzehr","twitter_misc":{"Dur\u00e9e de lecture estim\u00e9e":"1 minute"},"schema":{"@context":"https:\/\/schema.org","@graph":[{"@type":"WebPage","@id":"https:\/\/fuzehr.com\/fr\/telechargez-notre-guide-dentretien-reussissez-votre-prochain-entretien\/","url":"https:\/\/fuzehr.com\/fr\/telechargez-notre-guide-dentretien-reussissez-votre-prochain-entretien\/","name":"T\u00e9l\u00e9chargez notre guide d'entretien - R\u00e9ussissez votre prochain entretien - Fuze HR Solutions","isPartOf":{"@id":"https:\/\/fuzehr.com\/fr\/#website"},"primaryImageOfPage":{"@id":"https:\/\/fuzehr.com\/fr\/telechargez-notre-guide-dentretien-reussissez-votre-prochain-entretien\/#primaryimage"},"image":{"@id":"https:\/\/fuzehr.com\/fr\/telechargez-notre-guide-dentretien-reussissez-votre-prochain-entretien\/#primaryimage"},"thumbnailUrl":"https:\/\/fuzehr.com\/wp-content\/uploads\/guide-entretien-pour-la-reussite.jpg","datePublished":"2024-09-12T16:35:12+00:00","dateModified":"2024-11-29T14:17:08+00:00","description":"Obtenez des conseils d'experts et des exercices pour ma\u00eetriser chaque \u00e9tape de votre entretien. T\u00e9l\u00e9chargez notre guide d'entretien tout-en-un d\u00e8s maintenant !","breadcrumb":{"@id":"https:\/\/fuzehr.com\/fr\/telechargez-notre-guide-dentretien-reussissez-votre-prochain-entretien\/#breadcrumb"},"inLanguage":"fr-FR","potentialAction":[{"@type":"ReadAction","target":["https:\/\/fuzehr.com\/fr\/telechargez-notre-guide-dentretien-reussissez-votre-prochain-entretien\/"]}]},{"@type":"ImageObject","inLanguage":"fr-FR","@id":"https:\/\/fuzehr.com\/fr\/telechargez-notre-guide-dentretien-reussissez-votre-prochain-entretien\/#primaryimage","url":"https:\/\/fuzehr.com\/wp-content\/uploads\/guide-entretien-pour-la-reussite.jpg","contentUrl":"https:\/\/fuzehr.com\/wp-content\/uploads\/guide-entretien-pour-la-reussite.jpg","width":1200,"height":731},{"@type":"BreadcrumbList","@id":"https:\/\/fuzehr.com\/fr\/telechargez-notre-guide-dentretien-reussissez-votre-prochain-entretien\/#breadcrumb","itemListElement":[{"@type":"ListItem","position":1,"name":"Home","item":"https:\/\/fuzehr.com\/fr\/"},{"@type":"ListItem","position":2,"name":"T\u00e9l\u00e9chargez notre guide d&#8217;entretien &#8211; R\u00e9ussissez votre prochain entretien"}]},{"@type":"WebSite","@id":"https:\/\/fuzehr.com\/fr\/#website","url":"https:\/\/fuzehr.com\/fr\/","name":"Fuze HR Solutions","description":"Staffing &amp; Recruitment Agency | Temporary &amp; Permanent Jobs","publisher":{"@id":"https:\/\/fuzehr.com\/fr\/#organization"},"potentialAction":[{"@type":"SearchAction","target":{"@type":"EntryPoint","urlTemplate":"https:\/\/fuzehr.com\/fr\/?s={search_term_string}"},"query-input":{"@type":"PropertyValueSpecification","valueRequired":true,"valueName":"search_term_string"}}],"inLanguage":"fr-FR"},{"@type":"Organization","@id":"https:\/\/fuzehr.com\/fr\/#organization","name":"Fuze HR Solutions Inc.","url":"https:\/\/fuzehr.com\/fr\/","logo":{"@type":"ImageObject","inLanguage":"fr-FR","@id":"https:\/\/fuzehr.com\/fr\/#\/schema\/logo\/image\/","url":"https:\/\/fuzehr.com\/wp-content\/uploads\/logo.png","contentUrl":"https:\/\/fuzehr.com\/wp-content\/uploads\/logo.png","width":512,"height":512,"caption":"Fuze HR Solutions Inc."},"image":{"@id":"https:\/\/fuzehr.com\/fr\/#\/schema\/logo\/image\/"},"sameAs":["https:\/\/x.com\/fuzehr","https:\/\/www.linkedin.com\/company\/fuzehrsolutions"]}]}},"_links":{"self":[{"href":"https:\/\/fuzehr.com\/fr\/wp-json\/wp\/v2\/pages\/569449"}],"collection":[{"href":"https:\/\/fuzehr.com\/fr\/wp-json\/wp\/v2\/pages"}],"about":[{"href":"https:\/\/fuzehr.com\/fr\/wp-json\/wp\/v2\/types\/page"}],"author":[{"embeddable":true,"href":"https:\/\/fuzehr.com\/fr\/wp-json\/wp\/v2\/users\/3"}],"replies":[{"embeddable":true,"href":"https:\/\/fuzehr.com\/fr\/wp-json\/wp\/v2\/comments?post=569449"}],"version-history":[{"count":36,"href":"https:\/\/fuzehr.com\/fr\/wp-json\/wp\/v2\/pages\/569449\/revisions"}],"predecessor-version":[{"id":573032,"href":"https:\/\/fuzehr.com\/fr\/wp-json\/wp\/v2\/pages\/569449\/revisions\/573032"}],"wp:featuredmedia":[{"embeddable":true,"href":"https:\/\/fuzehr.com\/fr\/wp-json\/wp\/v2\/media\/570084"}],"wp:attachment":[{"href":"https:\/\/fuzehr.com\/fr\/wp-json\/wp\/v2\/media?parent=569449"}],"curies":[{"name":"wp","href":"https:\/\/api.w.org\/{rel}","templated":true}]}}