{"id":555289,"date":"2022-10-04T14:49:26","date_gmt":"2022-10-04T18:49:26","guid":{"rendered":"https:\/\/fuzehr.com\/fuze-hr-canada-salary-guides-get-your-copy\/"},"modified":"2026-04-06T14:38:41","modified_gmt":"2026-04-06T18:38:41","slug":"guides-salariaux-canadian-obtenez-votre-copie","status":"publish","type":"page","link":"https:\/\/fuzehr.com\/fr\/guides-salariaux-canadian-obtenez-votre-copie\/","title":{"rendered":"Guide salarial Canadian 2026 &#8211; Obtenez votre copie"},"content":{"rendered":"\t\t<div data-elementor-type=\"wp-page\" data-elementor-id=\"555289\" class=\"elementor elementor-555289 elementor-530205\">\n\t\t\t\t\t\t<div class=\"elementor-inner\">\n\t\t\t\t<div class=\"elementor-section-wrap\">\n\t\t\t\t\t\t\t\t\t<section data-dce-background-image-url=\"https:\/\/fuzehr.com\/wp-content\/uploads\/meeting-office.jpg\" class=\"elementor-section elementor-top-section elementor-element elementor-element-23a7be8 elementor-section-boxed elementor-section-height-default elementor-section-height-default\" data-id=\"23a7be8\" data-element_type=\"section\" data-settings=\"{&quot;background_background&quot;:&quot;classic&quot;}\">\n\t\t\t\t\t\t\t<div class=\"elementor-background-overlay\"><\/div>\n\t\t\t\t\t\t\t<div class=\"elementor-container elementor-column-gap-default\">\n\t\t\t\t\t\t\t<div class=\"elementor-row\">\n\t\t\t\t\t<div class=\"elementor-column elementor-col-50 elementor-top-column elementor-element elementor-element-9b21eea\" data-id=\"9b21eea\" data-element_type=\"column\">\n\t\t\t<div class=\"elementor-column-wrap elementor-element-populated\">\n\t\t\t\t\t\t\t<div class=\"elementor-widget-wrap\">\n\t\t\t\t\t\t<div class=\"elementor-element elementor-element-78f74bd elementor-widget elementor-widget-heading\" data-id=\"78f74bd\" data-element_type=\"widget\" data-widget_type=\"heading.default\">\n\t\t\t\t<div class=\"elementor-widget-container\">\n\t\t\t<h2 class=\"elementor-heading-title elementor-size-default\">Obtenez votre copie du Guide salarial canadiens !<\/h2>\t\t<\/div>\n\t\t\t\t<\/div>\n\t\t\t\t<div class=\"elementor-element elementor-element-335a78b elementor-widget elementor-widget-text-editor\" data-id=\"335a78b\" data-element_type=\"widget\" data-widget_type=\"text-editor.default\">\n\t\t\t\t<div class=\"elementor-widget-container\">\n\t\t\t\t\t\t\t\t<div class=\"elementor-text-editor elementor-clearfix\">\n\t\t\t\t<p>T\u00e9l\u00e9chargez le guide salarial pour le Canada. Ce guide contient des donn\u00e9es salariales pour des centaines de postes dans diff\u00e9rentes industries et villes canadiennes. T\u00e9l\u00e9chargez-le d\u00e8s maintenant pour en savoir plus sur le march\u00e9 salarial actuel et planifier votre prochaine grande ann\u00e9e, 2026 !<\/p>\t\t\t\t\t<\/div>\n\t\t\t\t\t\t<\/div>\n\t\t\t\t<\/div>\n\t\t\t\t<div data-dce-background-color=\"#02010100\" class=\"elementor-element elementor-element-43f65a5 elementor-align-left elementor-widget elementor-widget-button\" data-id=\"43f65a5\" data-element_type=\"widget\" data-widget_type=\"button.default\">\n\t\t\t\t<div class=\"elementor-widget-container\">\n\t\t\t\t\t<div class=\"elementor-button-wrapper\">\n\t\t\t<a href=\"https:\/\/fuzehrusa.com\/salary-guide-usa\/\" target=\"_blank\" class=\"elementor-button-link elementor-button elementor-size-sm\" role=\"button\">\n\t\t\t\t\t\t<span class=\"elementor-button-content-wrapper\">\n\t\t\t\t\t\t\t<span class=\"elementor-button-icon elementor-align-icon-right\">\n\t\t\t\t<i aria-hidden=\"true\" class=\"fas fa-external-link-alt\"><\/i>\t\t\t<\/span>\n\t\t\t\t\t\t<span class=\"elementor-button-text\">Guide salairial US<\/span>\n\t\t<\/span>\n\t\t\t\t\t<\/a>\n\t\t<\/div>\n\t\t\t\t<\/div>\n\t\t\t\t<\/div>\n\t\t\t\t\t\t<\/div>\n\t\t\t\t\t<\/div>\n\t\t<\/div>\n\t\t\t\t<div class=\"elementor-column elementor-col-50 elementor-top-column elementor-element elementor-element-4ada437\" data-id=\"4ada437\" data-element_type=\"column\">\n\t\t\t<div class=\"elementor-column-wrap\">\n\t\t\t\t\t\t\t<div class=\"elementor-widget-wrap\">\n\t\t\t\t\t\t\t\t<\/div>\n\t\t\t\t\t<\/div>\n\t\t<\/div>\n\t\t\t\t\t\t\t\t<\/div>\n\t\t\t\t\t<\/div>\n\t\t<\/section>\n\t\t\t\t<section class=\"elementor-section elementor-top-section elementor-element elementor-element-71746ea elementor-section-boxed elementor-section-height-default elementor-section-height-default\" data-id=\"71746ea\" data-element_type=\"section\">\n\t\t\t\t\t\t<div class=\"elementor-container elementor-column-gap-wider\">\n\t\t\t\t\t\t\t<div class=\"elementor-row\">\n\t\t\t\t\t<div class=\"elementor-column elementor-col-50 elementor-top-column elementor-element elementor-element-fe5f6d7\" data-id=\"fe5f6d7\" data-element_type=\"column\">\n\t\t\t<div class=\"elementor-column-wrap elementor-element-populated\">\n\t\t\t\t\t\t\t<div class=\"elementor-widget-wrap\">\n\t\t\t\t\t\t<div class=\"elementor-element elementor-element-d8a0072 elementor-widget elementor-widget-text-editor\" data-id=\"d8a0072\" data-element_type=\"widget\" data-widget_type=\"text-editor.default\">\n\t\t\t\t<div class=\"elementor-widget-container\">\n\t\t\t\t\t\t\t\t<div class=\"elementor-text-editor elementor-clearfix\">\n\t\t\t\t<p>Ce guide pr\u00e9cieux permet aux employeurs et aux employ\u00e9s de comprendre les tendances actuelles du march\u00e9. Il peut aider votre entreprise \u00e0 prendre des d\u00e9cisions ou \u00e0 rechercher un emploi.<\/p><p>Pour rester comp\u00e9titives sur le march\u00e9 actuel des talents, les entreprises doivent offrir un salaire et un package comp\u00e9titifs afin de retenir les meilleurs talents. Ce guide peut vous fournir des informations bas\u00e9es sur des donn\u00e9es pour votre strat\u00e9gie.<\/p><h4>Secteurs d&rsquo;activit\u00e9 que le guide couvre:<\/h4><ol><li>Industrie et m\u00e9tiers sp\u00e9cialis\u00e9s<\/li><li>Marketing, ressources humaines, comptabilit\u00e9, finance, administration<\/li><li>Construction et ing\u00e9nierie<\/li><li>H\u00f4tellerie et restauration<\/li><li>Agroalimentaire<\/li><li>Technologie de l&rsquo;information<\/li><\/ol><h4>Ce que contient le guide des salaires du deuxi\u00e8me trimestre 2026 :<\/h4><ul><li>Donn\u00e9es salariales d\u00e9taill\u00e9es pour plus de 50 villes canadiennes et 400 titres dans tous les secteurs d&rsquo;activit\u00e9<\/li><li>Donn\u00e9es sur les postes de d\u00e9butant jusqu&rsquo;aux postes de direction<\/li><li>10 secteurs d&rsquo;activit\u00e9 diff\u00e9rents<\/li><li>\u00c9chelle salariale du minimum au maximum pour un, trois et cinq ans d&rsquo;exp\u00e9rience<\/li><\/ul><p>T\u00e9l\u00e9chargez-le maintenant pour obtenir des donn\u00e9es compl\u00e8tes afin de planifier votre prochaine strat\u00e9gie d&rsquo;affaires ou votre recherche d&#8217;emploi.<\/p>\t\t\t\t\t<\/div>\n\t\t\t\t\t\t<\/div>\n\t\t\t\t<\/div>\n\t\t\t\t\t\t<\/div>\n\t\t\t\t\t<\/div>\n\t\t<\/div>\n\t\t\t\t<div class=\"elementor-column elementor-col-50 elementor-top-column elementor-element elementor-element-13b00c5\" data-id=\"13b00c5\" data-element_type=\"column\" data-settings=\"{&quot;background_background&quot;:&quot;classic&quot;}\">\n\t\t\t<div class=\"elementor-column-wrap elementor-element-populated\">\n\t\t\t\t\t\t\t<div class=\"elementor-widget-wrap\">\n\t\t\t\t\t\t<div class=\"elementor-element elementor-element-7820f3b elementor-widget elementor-widget-heading\" data-id=\"7820f3b\" data-element_type=\"widget\" data-widget_type=\"heading.default\">\n\t\t\t\t<div class=\"elementor-widget-container\">\n\t\t\t<h3 class=\"elementor-heading-title elementor-size-default\">T\u00e9l\u00e9charger ici :<\/h3>\t\t<\/div>\n\t\t\t\t<\/div>\n\t\t\t\t<div data-dce-advanced-background-color=\"#F2F4F4\" class=\"elementor-element elementor-element-074518f elementor-button-align-stretch elementor-invisible elementor-widget elementor-widget-form\" data-id=\"074518f\" data-element_type=\"widget\" data-settings=\"{&quot;step_next_label&quot;:&quot;Next&quot;,&quot;step_previous_label&quot;:&quot;Previous&quot;,&quot;_animation&quot;:&quot;fadeIn&quot;,&quot;button_width&quot;:&quot;100&quot;,&quot;step_type&quot;:&quot;number_text&quot;,&quot;step_icon_shape&quot;:&quot;circle&quot;}\" data-widget_type=\"form.default\">\n\t\t\t\t<div class=\"elementor-widget-container\">\n\t\t\t<div class=\"dce-conditions-js-error-notice elementor-message elementor-message-danger\" style=\"display: none;\">A problem was detected in the following Form. Submitting it could result in errors. Please contact the site administrator.<\/div>\t\t\t<script>\n\t\t\tsetTimeout(function() {\n\t\t\t\tlet el = document.querySelector(\".dce-conditions-js-error-notice\");\n\t\t\t\tif (el)\n\t\t\t\t\tel.style.display = \"block\";\n\t\t\t}, 2000);\n\t\t\t<\/script>\t\t<form class=\"elementor-form\" method=\"post\" name=\"Download Salary guide\">\n\t\t\t<input type=\"hidden\" name=\"post_id\" value=\"555289\"\/>\n\t\t\t<input type=\"hidden\" name=\"form_id\" value=\"074518f\"\/>\n\t\t\t<input type=\"hidden\" name=\"referer_title\" value=\"Fuze HR Solutions\" \/>\n\n\t\t\t\n\t\t\t<div data-field-conditions=\"[{&quot;id&quot;:&quot;field_e814ca9&quot;,&quot;condition&quot;:&quot;(business == \\&quot;Oui\\&quot;)&quot;,&quot;mode&quot;:&quot;show&quot;,&quot;disableOnly&quot;:false}]\" data-field-ids=\"[&quot;business&quot;,&quot;name&quot;,&quot;email&quot;,&quot;field_e814ca9&quot;,&quot;field_0127aef&quot;]\" class=\"elementor-form-fields-wrapper elementor-labels-above\">\n\t\t\t\t\t\t\t\t<div class=\"elementor-field-type-radio elementor-field-group elementor-column elementor-field-group-business elementor-col-100 elementor-field-required elementor-mark-required\">\n\t\t\t\t\t\t\t\t\t\t\t\t<label for=\"form-field-business\" class=\"elementor-field-label\">\n\t\t\t\t\t\t\t\t\u00cates-vous un responsable du recrutement ?\t\t\t\t\t\t\t<\/label>\n\t\t\t\t\t\t<div class=\"elementor-field-subgroup  elementor-subgroup-inline\"><span class=\"elementor-field-option\"><input type=\"radio\" value=\"Oui\" id=\"form-field-business-0\" name=\"form_fields[business]\" required=\"required\" aria-required=\"true\"> <label for=\"form-field-business-0\">Oui<\/label><\/span><span class=\"elementor-field-option\"><input type=\"radio\" value=\"Non\" id=\"form-field-business-1\" name=\"form_fields[business]\" required=\"required\" aria-required=\"true\"> <label for=\"form-field-business-1\">Non<\/label><\/span><\/div>\t\t\t\t<\/div>\n\t\t\t\t\t\t\t\t<div class=\"elementor-field-type-text elementor-field-group elementor-column elementor-field-group-name elementor-col-100 elementor-field-required elementor-mark-required\">\n\t\t\t\t\t\t\t\t\t\t\t\t<label for=\"form-field-name\" class=\"elementor-field-label\">\n\t\t\t\t\t\t\t\tNom\t\t\t\t\t\t\t<\/label>\n\t\t\t\t\t\t\t\t\t\t\t\t\t\t<input size=\"1\" type=\"text\" name=\"form_fields[name]\" id=\"form-field-name\" class=\"elementor-field elementor-size-sm  elementor-field-textual\" placeholder=\"Nom\" required=\"required\" aria-required=\"true\">\n\t\t\t\t\t\t\t\t\t\t\t<\/div>\n\t\t\t\t\t\t\t\t<div class=\"elementor-field-type-email elementor-field-group elementor-column elementor-field-group-email elementor-col-100 elementor-field-required elementor-mark-required\">\n\t\t\t\t\t\t\t\t\t\t\t\t<label for=\"form-field-email\" class=\"elementor-field-label\">\n\t\t\t\t\t\t\t\tCourriel\t\t\t\t\t\t\t<\/label>\n\t\t\t\t\t\t\t\t\t\t\t\t\t\t<input size=\"1\" type=\"email\" name=\"form_fields[email]\" id=\"form-field-email\" class=\"elementor-field elementor-size-sm  elementor-field-textual\" placeholder=\"Courriel\" required=\"required\" aria-required=\"true\">\n\t\t\t\t\t\t\t\t\t\t\t<\/div>\n\t\t\t\t\t\t\t\t<div class=\"elementor-field-type-text elementor-field-group elementor-column elementor-field-group-field_e814ca9 elementor-col-100 elementor-field-required elementor-mark-required\">\n\t\t\t\t\t\t\t\t\t\t\t\t<label for=\"form-field-field_e814ca9\" class=\"elementor-field-label\">\n\t\t\t\t\t\t\t\tNom de la compagnie\t\t\t\t\t\t\t<\/label>\n\t\t\t\t\t\t\t\t\t\t\t\t\t\t<input size=\"1\" type=\"text\" name=\"form_fields[field_e814ca9]\" id=\"form-field-field_e814ca9\" class=\"elementor-field elementor-size-sm  elementor-field-textual\" required=\"required\" aria-required=\"true\">\n\t\t\t\t\t\t\t\t\t\t\t<\/div>\n\t\t\t\t\t\t\t\t<div class=\"elementor-field-type-acceptance elementor-field-group elementor-column elementor-field-group-field_0127aef elementor-col-100 elementor-field-required elementor-mark-required\">\n\t\t\t\t\t\t\t\t\t\t\t\t<label for=\"form-field-field_0127aef\" class=\"elementor-field-label\">\n\t\t\t\t\t\t\t\tJ'accepte de recevoir des courriels de communication\t\t\t\t\t\t\t<\/label>\n\t\t\t\t\t\t\t\t<div class=\"elementor-field-subgroup\">\n\t\t\t<span class=\"elementor-field-option\">\n\t\t\t\t<input type=\"checkbox\" name=\"form_fields[field_0127aef]\" id=\"form-field-field_0127aef\" class=\"elementor-field elementor-size-sm  elementor-acceptance-field\" required=\"required\" aria-required=\"true\" checked=\"checked\">\n\t\t\t\t<label for=\"form-field-field_0127aef\">Je consens \u00e0 recevoir des courriels de Solutions Fuze HR Inc pour des offres de communication.<\/label>\t\t\t<\/span>\n\t\t<\/div>\n\t\t\t\t\t\t<\/div>\n\t\t\t\t\t\t\t\t<div class=\"elementor-field-group elementor-column elementor-field-type-submit elementor-col-100 e-form__buttons\">\n\t\t\t\t\t<button type=\"submit\" class=\"elementor-button elementor-size-sm\">\n\t\t\t\t\t\t<span >\n\t\t\t\t\t\t\t\t\t\t\t\t\t\t\t<span class=\" elementor-button-icon\">\n\t\t\t\t\t\t\t\t\t\t\t\t\t\t\t\t\t\t\t\t\t\t\t\t\t\t<\/span>\n\t\t\t\t\t\t\t\t\t\t\t\t\t\t\t\t\t\t\t\t\t\t<span class=\"elementor-button-text\">T\u00e9l\u00e9charger<\/span>\n\t\t\t\t\t\t\t\t\t\t\t\t\t<\/span>\n\t\t\t\t\t<\/button>\n\t\t\t\t<\/div>\n\t\t\t<\/div>\n\t\t<\/form>\n\t\t\t\t<\/div>\n\t\t\t\t<\/div>\n\t\t\t\t\t\t<\/div>\n\t\t\t\t\t<\/div>\n\t\t<\/div>\n\t\t\t\t\t\t\t\t<\/div>\n\t\t\t\t\t<\/div>\n\t\t<\/section>\n\t\t\t\t\t\t\t\t\t<\/div>\n\t\t\t<\/div>\n\t\t\t\t\t<\/div>\n\t\t","protected":false},"excerpt":{"rendered":"<p>Obtenez votre copie du Guide salarial canadiens ! T\u00e9l\u00e9chargez le guide salarial pour le Canada. Ce guide contient des donn\u00e9es salariales pour des centaines de postes dans diff\u00e9rentes industries et villes canadiennes. T\u00e9l\u00e9chargez-le d\u00e8s maintenant pour en savoir plus sur le march\u00e9 salarial actuel et planifier votre prochaine grande ann\u00e9e, 2026 ! Guide salairial US [&hellip;]<\/p>\n","protected":false},"author":3,"featured_media":895386,"parent":0,"menu_order":0,"comment_status":"closed","ping_status":"closed","template":"elementor_header_footer","meta":{"footnotes":""},"yoast_head":"<!-- This site is optimized with the Yoast SEO plugin v23.5 - https:\/\/yoast.com\/wordpress\/plugins\/seo\/ -->\n<title>Guide salarial Canadian 2026 - Obtenez votre copie - Fuze HR Solutions<\/title>\n<meta name=\"description\" content=\"T\u00e9l\u00e9chargez votre copie du Guide des salaires au Canada pour 2026. Attirez les meilleurs talents en restant comp\u00e9titif parmi vos concurrents en connaissant les tendances salariales actuelles.\" \/>\n<meta name=\"robots\" content=\"index, follow, max-snippet:-1, max-image-preview:large, max-video-preview:-1\" \/>\n<link rel=\"canonical\" href=\"https:\/\/fuzehr.com\/fr\/guides-salariaux-canadian-obtenez-votre-copie\/\" \/>\n<meta property=\"og:locale\" content=\"fr_FR\" \/>\n<meta property=\"og:type\" content=\"article\" \/>\n<meta property=\"og:title\" content=\"Guide salarial Canadian 2026 - Obtenez votre copie - Fuze HR Solutions\" \/>\n<meta property=\"og:description\" content=\"T\u00e9l\u00e9chargez votre copie du Guide des salaires au Canada pour 2026. Attirez les meilleurs talents en restant comp\u00e9titif parmi vos concurrents en connaissant les tendances salariales actuelles.\" \/>\n<meta property=\"og:url\" content=\"https:\/\/fuzehr.com\/fr\/guides-salariaux-canadian-obtenez-votre-copie\/\" \/>\n<meta property=\"og:site_name\" content=\"Fuze HR Solutions\" \/>\n<meta property=\"article:modified_time\" content=\"2026-04-06T18:38:41+00:00\" \/>\n<meta property=\"og:image\" content=\"https:\/\/fuzehr.com\/wp-content\/uploads\/Salary-guide-featured-image-2026-fr.webp\" \/>\n\t<meta property=\"og:image:width\" content=\"1200\" \/>\n\t<meta property=\"og:image:height\" content=\"600\" \/>\n\t<meta property=\"og:image:type\" content=\"image\/webp\" \/>\n<meta name=\"twitter:card\" content=\"summary_large_image\" \/>\n<meta name=\"twitter:site\" content=\"@fuzehr\" \/>\n<meta name=\"twitter:label1\" content=\"Dur\u00e9e de lecture estim\u00e9e\" \/>\n\t<meta name=\"twitter:data1\" content=\"2 minutes\" \/>\n<script type=\"application\/ld+json\" class=\"yoast-schema-graph\">{\"@context\":\"https:\/\/schema.org\",\"@graph\":[{\"@type\":\"WebPage\",\"@id\":\"https:\/\/fuzehr.com\/fr\/guides-salariaux-canadian-obtenez-votre-copie\/\",\"url\":\"https:\/\/fuzehr.com\/fr\/guides-salariaux-canadian-obtenez-votre-copie\/\",\"name\":\"Guide salarial Canadian 2026 - Obtenez votre copie - Fuze HR Solutions\",\"isPartOf\":{\"@id\":\"https:\/\/fuzehr.com\/fr\/#website\"},\"primaryImageOfPage\":{\"@id\":\"https:\/\/fuzehr.com\/fr\/guides-salariaux-canadian-obtenez-votre-copie\/#primaryimage\"},\"image\":{\"@id\":\"https:\/\/fuzehr.com\/fr\/guides-salariaux-canadian-obtenez-votre-copie\/#primaryimage\"},\"thumbnailUrl\":\"https:\/\/fuzehr.com\/wp-content\/uploads\/Salary-guide-featured-image-2026-fr.webp\",\"datePublished\":\"2022-10-04T18:49:26+00:00\",\"dateModified\":\"2026-04-06T18:38:41+00:00\",\"description\":\"T\u00e9l\u00e9chargez votre copie du Guide des salaires au Canada pour 2026. Attirez les meilleurs talents en restant comp\u00e9titif parmi vos concurrents en connaissant les tendances salariales actuelles.\",\"breadcrumb\":{\"@id\":\"https:\/\/fuzehr.com\/fr\/guides-salariaux-canadian-obtenez-votre-copie\/#breadcrumb\"},\"inLanguage\":\"fr-FR\",\"potentialAction\":[{\"@type\":\"ReadAction\",\"target\":[\"https:\/\/fuzehr.com\/fr\/guides-salariaux-canadian-obtenez-votre-copie\/\"]}]},{\"@type\":\"ImageObject\",\"inLanguage\":\"fr-FR\",\"@id\":\"https:\/\/fuzehr.com\/fr\/guides-salariaux-canadian-obtenez-votre-copie\/#primaryimage\",\"url\":\"https:\/\/fuzehr.com\/wp-content\/uploads\/Salary-guide-featured-image-2026-fr.webp\",\"contentUrl\":\"https:\/\/fuzehr.com\/wp-content\/uploads\/Salary-guide-featured-image-2026-fr.webp\",\"width\":1200,\"height\":600},{\"@type\":\"BreadcrumbList\",\"@id\":\"https:\/\/fuzehr.com\/fr\/guides-salariaux-canadian-obtenez-votre-copie\/#breadcrumb\",\"itemListElement\":[{\"@type\":\"ListItem\",\"position\":1,\"name\":\"Home\",\"item\":\"https:\/\/fuzehr.com\/fr\/\"},{\"@type\":\"ListItem\",\"position\":2,\"name\":\"Guide salarial Canadian 2026 &#8211; Obtenez votre copie\"}]},{\"@type\":\"WebSite\",\"@id\":\"https:\/\/fuzehr.com\/fr\/#website\",\"url\":\"https:\/\/fuzehr.com\/fr\/\",\"name\":\"Fuze HR Solutions\",\"description\":\"Staffing &amp; Recruitment Agency | Temporary &amp; Permanent Jobs\",\"publisher\":{\"@id\":\"https:\/\/fuzehr.com\/fr\/#organization\"},\"potentialAction\":[{\"@type\":\"SearchAction\",\"target\":{\"@type\":\"EntryPoint\",\"urlTemplate\":\"https:\/\/fuzehr.com\/fr\/?s={search_term_string}\"},\"query-input\":{\"@type\":\"PropertyValueSpecification\",\"valueRequired\":true,\"valueName\":\"search_term_string\"}}],\"inLanguage\":\"fr-FR\"},{\"@type\":\"Organization\",\"@id\":\"https:\/\/fuzehr.com\/fr\/#organization\",\"name\":\"Fuze HR Solutions Inc.\",\"url\":\"https:\/\/fuzehr.com\/fr\/\",\"logo\":{\"@type\":\"ImageObject\",\"inLanguage\":\"fr-FR\",\"@id\":\"https:\/\/fuzehr.com\/fr\/#\/schema\/logo\/image\/\",\"url\":\"https:\/\/fuzehr.com\/wp-content\/uploads\/logo.png\",\"contentUrl\":\"https:\/\/fuzehr.com\/wp-content\/uploads\/logo.png\",\"width\":512,\"height\":512,\"caption\":\"Fuze HR Solutions Inc.\"},\"image\":{\"@id\":\"https:\/\/fuzehr.com\/fr\/#\/schema\/logo\/image\/\"},\"sameAs\":[\"https:\/\/x.com\/fuzehr\",\"https:\/\/www.linkedin.com\/company\/fuzehrsolutions\"]}]}<\/script>\n<!-- \/ Yoast SEO plugin. -->","yoast_head_json":{"title":"Guide salarial Canadian 2026 - Obtenez votre copie - Fuze HR Solutions","description":"T\u00e9l\u00e9chargez votre copie du Guide des salaires au Canada pour 2026. Attirez les meilleurs talents en restant comp\u00e9titif parmi vos concurrents en connaissant les tendances salariales actuelles.","robots":{"index":"index","follow":"follow","max-snippet":"max-snippet:-1","max-image-preview":"max-image-preview:large","max-video-preview":"max-video-preview:-1"},"canonical":"https:\/\/fuzehr.com\/fr\/guides-salariaux-canadian-obtenez-votre-copie\/","og_locale":"fr_FR","og_type":"article","og_title":"Guide salarial Canadian 2026 - Obtenez votre copie - Fuze HR Solutions","og_description":"T\u00e9l\u00e9chargez votre copie du Guide des salaires au Canada pour 2026. Attirez les meilleurs talents en restant comp\u00e9titif parmi vos concurrents en connaissant les tendances salariales actuelles.","og_url":"https:\/\/fuzehr.com\/fr\/guides-salariaux-canadian-obtenez-votre-copie\/","og_site_name":"Fuze HR Solutions","article_modified_time":"2026-04-06T18:38:41+00:00","og_image":[{"width":1200,"height":600,"url":"https:\/\/fuzehr.com\/wp-content\/uploads\/Salary-guide-featured-image-2026-fr.webp","type":"image\/webp"}],"twitter_card":"summary_large_image","twitter_site":"@fuzehr","twitter_misc":{"Dur\u00e9e de lecture estim\u00e9e":"2 minutes"},"schema":{"@context":"https:\/\/schema.org","@graph":[{"@type":"WebPage","@id":"https:\/\/fuzehr.com\/fr\/guides-salariaux-canadian-obtenez-votre-copie\/","url":"https:\/\/fuzehr.com\/fr\/guides-salariaux-canadian-obtenez-votre-copie\/","name":"Guide salarial Canadian 2026 - Obtenez votre copie - Fuze HR Solutions","isPartOf":{"@id":"https:\/\/fuzehr.com\/fr\/#website"},"primaryImageOfPage":{"@id":"https:\/\/fuzehr.com\/fr\/guides-salariaux-canadian-obtenez-votre-copie\/#primaryimage"},"image":{"@id":"https:\/\/fuzehr.com\/fr\/guides-salariaux-canadian-obtenez-votre-copie\/#primaryimage"},"thumbnailUrl":"https:\/\/fuzehr.com\/wp-content\/uploads\/Salary-guide-featured-image-2026-fr.webp","datePublished":"2022-10-04T18:49:26+00:00","dateModified":"2026-04-06T18:38:41+00:00","description":"T\u00e9l\u00e9chargez votre copie du Guide des salaires au Canada pour 2026. Attirez les meilleurs talents en restant comp\u00e9titif parmi vos concurrents en connaissant les tendances salariales actuelles.","breadcrumb":{"@id":"https:\/\/fuzehr.com\/fr\/guides-salariaux-canadian-obtenez-votre-copie\/#breadcrumb"},"inLanguage":"fr-FR","potentialAction":[{"@type":"ReadAction","target":["https:\/\/fuzehr.com\/fr\/guides-salariaux-canadian-obtenez-votre-copie\/"]}]},{"@type":"ImageObject","inLanguage":"fr-FR","@id":"https:\/\/fuzehr.com\/fr\/guides-salariaux-canadian-obtenez-votre-copie\/#primaryimage","url":"https:\/\/fuzehr.com\/wp-content\/uploads\/Salary-guide-featured-image-2026-fr.webp","contentUrl":"https:\/\/fuzehr.com\/wp-content\/uploads\/Salary-guide-featured-image-2026-fr.webp","width":1200,"height":600},{"@type":"BreadcrumbList","@id":"https:\/\/fuzehr.com\/fr\/guides-salariaux-canadian-obtenez-votre-copie\/#breadcrumb","itemListElement":[{"@type":"ListItem","position":1,"name":"Home","item":"https:\/\/fuzehr.com\/fr\/"},{"@type":"ListItem","position":2,"name":"Guide salarial Canadian 2026 &#8211; Obtenez votre copie"}]},{"@type":"WebSite","@id":"https:\/\/fuzehr.com\/fr\/#website","url":"https:\/\/fuzehr.com\/fr\/","name":"Fuze HR Solutions","description":"Staffing &amp; Recruitment Agency | Temporary &amp; Permanent Jobs","publisher":{"@id":"https:\/\/fuzehr.com\/fr\/#organization"},"potentialAction":[{"@type":"SearchAction","target":{"@type":"EntryPoint","urlTemplate":"https:\/\/fuzehr.com\/fr\/?s={search_term_string}"},"query-input":{"@type":"PropertyValueSpecification","valueRequired":true,"valueName":"search_term_string"}}],"inLanguage":"fr-FR"},{"@type":"Organization","@id":"https:\/\/fuzehr.com\/fr\/#organization","name":"Fuze HR Solutions Inc.","url":"https:\/\/fuzehr.com\/fr\/","logo":{"@type":"ImageObject","inLanguage":"fr-FR","@id":"https:\/\/fuzehr.com\/fr\/#\/schema\/logo\/image\/","url":"https:\/\/fuzehr.com\/wp-content\/uploads\/logo.png","contentUrl":"https:\/\/fuzehr.com\/wp-content\/uploads\/logo.png","width":512,"height":512,"caption":"Fuze HR Solutions Inc."},"image":{"@id":"https:\/\/fuzehr.com\/fr\/#\/schema\/logo\/image\/"},"sameAs":["https:\/\/x.com\/fuzehr","https:\/\/www.linkedin.com\/company\/fuzehrsolutions"]}]}},"_links":{"self":[{"href":"https:\/\/fuzehr.com\/fr\/wp-json\/wp\/v2\/pages\/555289"}],"collection":[{"href":"https:\/\/fuzehr.com\/fr\/wp-json\/wp\/v2\/pages"}],"about":[{"href":"https:\/\/fuzehr.com\/fr\/wp-json\/wp\/v2\/types\/page"}],"author":[{"embeddable":true,"href":"https:\/\/fuzehr.com\/fr\/wp-json\/wp\/v2\/users\/3"}],"replies":[{"embeddable":true,"href":"https:\/\/fuzehr.com\/fr\/wp-json\/wp\/v2\/comments?post=555289"}],"version-history":[{"count":112,"href":"https:\/\/fuzehr.com\/fr\/wp-json\/wp\/v2\/pages\/555289\/revisions"}],"predecessor-version":[{"id":943844,"href":"https:\/\/fuzehr.com\/fr\/wp-json\/wp\/v2\/pages\/555289\/revisions\/943844"}],"wp:featuredmedia":[{"embeddable":true,"href":"https:\/\/fuzehr.com\/fr\/wp-json\/wp\/v2\/media\/895386"}],"wp:attachment":[{"href":"https:\/\/fuzehr.com\/fr\/wp-json\/wp\/v2\/media?parent=555289"}],"curies":[{"name":"wp","href":"https:\/\/api.w.org\/{rel}","templated":true}]}}