{"id":548757,"date":"2023-08-18T15:53:58","date_gmt":"2023-08-18T19:53:58","guid":{"rendered":"https:\/\/fuzehr.com\/our-specialized-divisions-hr-services-catered-to-any-industries\/"},"modified":"2023-09-13T12:30:20","modified_gmt":"2023-09-13T16:30:20","slug":"our-specialized-divisions-hr-services-catered-to-any-industries","status":"publish","type":"page","link":"https:\/\/fuzehr.com\/fr\/our-specialized-divisions-hr-services-catered-to-any-industries\/","title":{"rendered":"Nos divisions sp\u00e9cialis\u00e9es &#8211; des services RH adapt\u00e9s \u00e0 tous les domaines"},"content":{"rendered":"\t\t<div data-elementor-type=\"wp-page\" data-elementor-id=\"548757\" class=\"elementor elementor-548757 elementor-547484\">\n\t\t\t\t\t\t<div class=\"elementor-inner\">\n\t\t\t\t<div class=\"elementor-section-wrap\">\n\t\t\t\t\t\t\t\t\t<section class=\"elementor-section elementor-top-section elementor-element elementor-element-2372caf6 elementor-section-height-min-height elementor-section-boxed elementor-section-height-default elementor-section-items-middle\" data-id=\"2372caf6\" data-element_type=\"section\">\n\t\t\t\t\t\t<div class=\"elementor-container elementor-column-gap-default\">\n\t\t\t\t\t\t\t<div class=\"elementor-row\">\n\t\t\t\t\t<div class=\"elementor-column elementor-col-100 elementor-top-column elementor-element elementor-element-1bc96431\" data-id=\"1bc96431\" data-element_type=\"column\">\n\t\t\t<div class=\"elementor-column-wrap elementor-element-populated\">\n\t\t\t\t\t\t\t<div class=\"elementor-widget-wrap\">\n\t\t\t\t\t\t<div class=\"elementor-element elementor-element-7d1c664e elementor-invisible elementor-widget elementor-widget-heading\" data-id=\"7d1c664e\" data-element_type=\"widget\" data-settings=\"{&quot;_animation&quot;:&quot;fadeInDown&quot;}\" data-widget_type=\"heading.default\">\n\t\t\t\t<div class=\"elementor-widget-container\">\n\t\t\t<h2 class=\"elementor-heading-title elementor-size-default\">Fuze HR propose des solutions de recrutement pour tous les plans d'embauche et tous les domaines d'activit\u00e9.<\/h2>\t\t<\/div>\n\t\t\t\t<\/div>\n\t\t\t\t\t\t<\/div>\n\t\t\t\t\t<\/div>\n\t\t<\/div>\n\t\t\t\t\t\t\t\t<\/div>\n\t\t\t\t\t<\/div>\n\t\t<\/section>\n\t\t\t\t<section class=\"elementor-section elementor-top-section elementor-element elementor-element-7bb70cad elementor-section-boxed elementor-section-height-default elementor-section-height-default\" data-id=\"7bb70cad\" data-element_type=\"section\">\n\t\t\t\t\t\t<div class=\"elementor-container elementor-column-gap-default\">\n\t\t\t\t\t\t\t<div class=\"elementor-row\">\n\t\t\t\t\t<div class=\"elementor-column elementor-col-100 elementor-top-column elementor-element elementor-element-747bd12d\" data-id=\"747bd12d\" data-element_type=\"column\">\n\t\t\t<div class=\"elementor-column-wrap elementor-element-populated\">\n\t\t\t\t\t\t\t<div class=\"elementor-widget-wrap\">\n\t\t\t\t\t\t<div class=\"elementor-element elementor-element-6da7afc8 elementor-widget elementor-widget-video\" data-id=\"6da7afc8\" data-element_type=\"widget\" data-settings=\"{&quot;youtube_url&quot;:&quot;https:\\\/\\\/youtu.be\\\/Nwcywe5RQQ8&quot;,&quot;video_type&quot;:&quot;youtube&quot;,&quot;controls&quot;:&quot;yes&quot;}\" data-widget_type=\"video.default\">\n\t\t\t\t<div class=\"elementor-widget-container\">\n\t\t\t\t\t<div class=\"elementor-wrapper elementor-open-inline\">\n\t\t\t<div class=\"elementor-video\"><\/div>\t\t<\/div>\n\t\t\t\t<\/div>\n\t\t\t\t<\/div>\n\t\t\t\t\t\t<\/div>\n\t\t\t\t\t<\/div>\n\t\t<\/div>\n\t\t\t\t\t\t\t\t<\/div>\n\t\t\t\t\t<\/div>\n\t\t<\/section>\n\t\t\t\t<section data-dce-background-color=\"#DFE9F4\" class=\"elementor-section elementor-top-section elementor-element elementor-element-b40dc83 elementor-section-boxed elementor-section-height-default elementor-section-height-default\" data-id=\"b40dc83\" data-element_type=\"section\" data-settings=\"{&quot;background_background&quot;:&quot;classic&quot;}\">\n\t\t\t\t\t\t<div class=\"elementor-container elementor-column-gap-wider\">\n\t\t\t\t\t\t\t<div class=\"elementor-row\">\n\t\t\t\t\t<div class=\"elementor-column elementor-col-100 elementor-top-column elementor-element elementor-element-2f72e5e9\" data-id=\"2f72e5e9\" data-element_type=\"column\">\n\t\t\t<div class=\"elementor-column-wrap elementor-element-populated\">\n\t\t\t\t\t\t\t<div class=\"elementor-widget-wrap\">\n\t\t\t\t\t\t<div class=\"elementor-element elementor-element-28f68a6f elementor-widget elementor-widget-heading\" data-id=\"28f68a6f\" data-element_type=\"widget\" data-widget_type=\"heading.default\">\n\t\t\t\t<div class=\"elementor-widget-container\">\n\t\t\t<h3 class=\"elementor-heading-title elementor-size-default\">Fuze HR Solutions est \u226aun touche-\u00e0-tout\u226b \n<\/br>et \u226aun ma\u00eetre de TOUT\u226b! <\/h3>\t\t<\/div>\n\t\t\t\t<\/div>\n\t\t\t\t<div class=\"elementor-element elementor-element-40c4ac04 elementor-widget-divider--view-line elementor-widget elementor-widget-divider\" data-id=\"40c4ac04\" data-element_type=\"widget\" data-widget_type=\"divider.default\">\n\t\t\t\t<div class=\"elementor-widget-container\">\n\t\t\t\t\t<div class=\"elementor-divider\">\n\t\t\t<span class=\"elementor-divider-separator\">\n\t\t\t\t\t\t<\/span>\n\t\t<\/div>\n\t\t\t\t<\/div>\n\t\t\t\t<\/div>\n\t\t\t\t<section class=\"elementor-section elementor-inner-section elementor-element elementor-element-bacad66 elementor-section-boxed elementor-section-height-default elementor-section-height-default\" data-id=\"bacad66\" data-element_type=\"section\">\n\t\t\t\t\t\t<div class=\"elementor-container elementor-column-gap-wider\">\n\t\t\t\t\t\t\t<div class=\"elementor-row\">\n\t\t\t\t\t<div class=\"elementor-column elementor-col-50 elementor-inner-column elementor-element elementor-element-1e0a93c\" data-id=\"1e0a93c\" data-element_type=\"column\">\n\t\t\t<div class=\"elementor-column-wrap elementor-element-populated\">\n\t\t\t\t\t\t\t<div class=\"elementor-widget-wrap\">\n\t\t\t\t\t\t<div class=\"elementor-element elementor-element-e553a0c elementor-widget elementor-widget-text-editor\" data-id=\"e553a0c\" data-element_type=\"widget\" data-widget_type=\"text-editor.default\">\n\t\t\t\t<div class=\"elementor-widget-container\">\n\t\t\t\t\t\t\t\t<div class=\"elementor-text-editor elementor-clearfix\">\n\t\t\t\t<p>Fuze HR Solutions est une agence de recrutement et de placement de personnel sp\u00e9cialis\u00e9e dans plusieurs secteurs d&rsquo;activit\u00e9.<\/p><p>Nous sommes des touche-\u00e0-tout mais des ma\u00eetres de TOUS, pourquoi ? Chacune de nos divisions est dirig\u00e9e par des recruteurs et des gestionnaires de comptes sp\u00e9cialis\u00e9s. Ils ont de plusieurs ann\u00e9es d&rsquo;exp\u00e9rience dans des secteurs sp\u00e9cifiques, ce qui les rend ma\u00eetres de leur propre domaine. Gr\u00e2ce \u00e0 ces connaissances, nous pouvons trouver les meilleurs talents pour nos clients tout en comprenant ce qui est le mieux pour les candidats et les objectifs futurs des entreprises.<\/p>\t\t\t\t\t<\/div>\n\t\t\t\t\t\t<\/div>\n\t\t\t\t<\/div>\n\t\t\t\t\t\t<\/div>\n\t\t\t\t\t<\/div>\n\t\t<\/div>\n\t\t\t\t<div class=\"elementor-column elementor-col-50 elementor-inner-column elementor-element elementor-element-b2571e9\" data-id=\"b2571e9\" data-element_type=\"column\">\n\t\t\t<div class=\"elementor-column-wrap elementor-element-populated\">\n\t\t\t\t\t\t\t<div class=\"elementor-widget-wrap\">\n\t\t\t\t\t\t<div class=\"elementor-element elementor-element-f4973c6 elementor-widget elementor-widget-text-editor\" data-id=\"f4973c6\" data-element_type=\"widget\" data-widget_type=\"text-editor.default\">\n\t\t\t\t<div class=\"elementor-widget-container\">\n\t\t\t\t\t\t\t\t<div class=\"elementor-text-editor elementor-clearfix\">\n\t\t\t\t<h4>Divisions sp\u00e9cialis\u00e9es :<\/h4><ul><li>Fuze engineering<\/li><li>Fuze industrial<\/li><li>Fuze m\u00e9tiers sp\u00e9cialis\u00e9s<\/li><li>Fuze construction et d\u00e9veloppement<\/li><li>Fuze technologies de l&rsquo;information<\/li><li>Fuze cha\u00eene d&rsquo;approvisionnement et logistique<\/li><li>Fuze comptabilit\u00e9 et finance<\/li><li>Fuze vente et marketing<\/li><li>Fuze Gouvernement et secteur public<\/li><li>Fuze Recherche de cadres<\/li><\/ul>\t\t\t\t\t<\/div>\n\t\t\t\t\t\t<\/div>\n\t\t\t\t<\/div>\n\t\t\t\t\t\t<\/div>\n\t\t\t\t\t<\/div>\n\t\t<\/div>\n\t\t\t\t\t\t\t\t<\/div>\n\t\t\t\t\t<\/div>\n\t\t<\/section>\n\t\t\t\t<div class=\"elementor-element elementor-element-7cb5b6f9 elementor-align-center elementor-widget elementor-widget-button\" data-id=\"7cb5b6f9\" data-element_type=\"widget\" data-widget_type=\"button.default\">\n\t\t\t\t<div class=\"elementor-widget-container\">\n\t\t\t\t\t<div class=\"elementor-button-wrapper\">\n\t\t\t<a href=\"https:\/\/fuzehr.com\/fr\/employeurs\/divisions-specialisees\/\" class=\"elementor-button-link elementor-button elementor-size-sm\" role=\"button\">\n\t\t\t\t\t\t<span class=\"elementor-button-content-wrapper\">\n\t\t\t\t\t\t<span class=\"elementor-button-text\">Voir plus<\/span>\n\t\t<\/span>\n\t\t\t\t\t<\/a>\n\t\t<\/div>\n\t\t\t\t<\/div>\n\t\t\t\t<\/div>\n\t\t\t\t\t\t<\/div>\n\t\t\t\t\t<\/div>\n\t\t<\/div>\n\t\t\t\t\t\t\t\t<\/div>\n\t\t\t\t\t<\/div>\n\t\t<\/section>\n\t\t\t\t\t\t\t\t\t<\/div>\n\t\t\t<\/div>\n\t\t\t\t\t<\/div>\n\t\t","protected":false},"excerpt":{"rendered":"<p>Fuze HR propose des solutions de recrutement pour tous les plans d&#8217;embauche et tous les domaines d&rsquo;activit\u00e9. Fuze HR Solutions est \u226aun touche-\u00e0-tout\u226b et \u226aun ma\u00eetre de TOUT\u226b! Fuze HR Solutions est une agence de recrutement et de placement de personnel sp\u00e9cialis\u00e9e dans plusieurs secteurs d&rsquo;activit\u00e9. Nous sommes des touche-\u00e0-tout mais des ma\u00eetres de TOUS, [&hellip;]<\/p>\n","protected":false},"author":3,"featured_media":0,"parent":0,"menu_order":0,"comment_status":"closed","ping_status":"closed","template":"elementor_header_footer","meta":{"footnotes":""},"yoast_head":"<!-- This site is optimized with the Yoast SEO plugin v23.5 - https:\/\/yoast.com\/wordpress\/plugins\/seo\/ -->\n<title>Nos divisions sp\u00e9cialis\u00e9es - des services RH adapt\u00e9s \u00e0 tous les domaines - Fuze HR Solutions<\/title>\n<meta name=\"robots\" content=\"index, follow, max-snippet:-1, max-image-preview:large, max-video-preview:-1\" \/>\n<link rel=\"canonical\" href=\"https:\/\/fuzehr.com\/fr\/our-specialized-divisions-hr-services-catered-to-any-industries\/\" \/>\n<meta property=\"og:locale\" content=\"fr_FR\" \/>\n<meta property=\"og:type\" content=\"article\" \/>\n<meta property=\"og:title\" content=\"Nos divisions sp\u00e9cialis\u00e9es - des services RH adapt\u00e9s \u00e0 tous les domaines - Fuze HR Solutions\" \/>\n<meta property=\"og:description\" content=\"Fuze HR propose des solutions de recrutement pour tous les plans d&#8217;embauche et tous les domaines d&rsquo;activit\u00e9. Fuze HR Solutions est \u226aun touche-\u00e0-tout\u226b et \u226aun ma\u00eetre de TOUT\u226b! Fuze HR Solutions est une agence de recrutement et de placement de personnel sp\u00e9cialis\u00e9e dans plusieurs secteurs d&rsquo;activit\u00e9. Nous sommes des touche-\u00e0-tout mais des ma\u00eetres de TOUS, [&hellip;]\" \/>\n<meta property=\"og:url\" content=\"https:\/\/fuzehr.com\/fr\/our-specialized-divisions-hr-services-catered-to-any-industries\/\" \/>\n<meta property=\"og:site_name\" content=\"Fuze HR Solutions\" \/>\n<meta property=\"article:modified_time\" content=\"2023-09-13T16:30:20+00:00\" \/>\n<meta property=\"og:image\" content=\"https:\/\/fuzehr.com\/wp-content\/uploads\/feautred_image_1.jpg\" \/>\n\t<meta property=\"og:image:width\" content=\"1200\" \/>\n\t<meta property=\"og:image:height\" content=\"600\" \/>\n\t<meta property=\"og:image:type\" content=\"image\/jpeg\" \/>\n<meta name=\"twitter:card\" content=\"summary_large_image\" \/>\n<meta name=\"twitter:site\" content=\"@fuzehr\" \/>\n<meta name=\"twitter:label1\" content=\"Dur\u00e9e de lecture estim\u00e9e\" \/>\n\t<meta name=\"twitter:data1\" content=\"1 minute\" \/>\n<script type=\"application\/ld+json\" class=\"yoast-schema-graph\">{\"@context\":\"https:\/\/schema.org\",\"@graph\":[{\"@type\":\"WebPage\",\"@id\":\"https:\/\/fuzehr.com\/fr\/our-specialized-divisions-hr-services-catered-to-any-industries\/\",\"url\":\"https:\/\/fuzehr.com\/fr\/our-specialized-divisions-hr-services-catered-to-any-industries\/\",\"name\":\"Nos divisions sp\u00e9cialis\u00e9es - des services RH adapt\u00e9s \u00e0 tous les domaines - Fuze HR Solutions\",\"isPartOf\":{\"@id\":\"https:\/\/fuzehr.com\/fr\/#website\"},\"datePublished\":\"2023-08-18T19:53:58+00:00\",\"dateModified\":\"2023-09-13T16:30:20+00:00\",\"breadcrumb\":{\"@id\":\"https:\/\/fuzehr.com\/fr\/our-specialized-divisions-hr-services-catered-to-any-industries\/#breadcrumb\"},\"inLanguage\":\"fr-FR\",\"potentialAction\":[{\"@type\":\"ReadAction\",\"target\":[\"https:\/\/fuzehr.com\/fr\/our-specialized-divisions-hr-services-catered-to-any-industries\/\"]}]},{\"@type\":\"BreadcrumbList\",\"@id\":\"https:\/\/fuzehr.com\/fr\/our-specialized-divisions-hr-services-catered-to-any-industries\/#breadcrumb\",\"itemListElement\":[{\"@type\":\"ListItem\",\"position\":1,\"name\":\"Home\",\"item\":\"https:\/\/fuzehr.com\/fr\/\"},{\"@type\":\"ListItem\",\"position\":2,\"name\":\"Nos divisions sp\u00e9cialis\u00e9es &#8211; des services RH adapt\u00e9s \u00e0 tous les domaines\"}]},{\"@type\":\"WebSite\",\"@id\":\"https:\/\/fuzehr.com\/fr\/#website\",\"url\":\"https:\/\/fuzehr.com\/fr\/\",\"name\":\"Fuze HR Solutions\",\"description\":\"Staffing &amp; Recruitment Agency | Temporary &amp; Permanent Jobs\",\"publisher\":{\"@id\":\"https:\/\/fuzehr.com\/fr\/#organization\"},\"potentialAction\":[{\"@type\":\"SearchAction\",\"target\":{\"@type\":\"EntryPoint\",\"urlTemplate\":\"https:\/\/fuzehr.com\/fr\/?s={search_term_string}\"},\"query-input\":{\"@type\":\"PropertyValueSpecification\",\"valueRequired\":true,\"valueName\":\"search_term_string\"}}],\"inLanguage\":\"fr-FR\"},{\"@type\":\"Organization\",\"@id\":\"https:\/\/fuzehr.com\/fr\/#organization\",\"name\":\"Fuze HR Solutions Inc.\",\"url\":\"https:\/\/fuzehr.com\/fr\/\",\"logo\":{\"@type\":\"ImageObject\",\"inLanguage\":\"fr-FR\",\"@id\":\"https:\/\/fuzehr.com\/fr\/#\/schema\/logo\/image\/\",\"url\":\"https:\/\/fuzehr.com\/wp-content\/uploads\/logo.png\",\"contentUrl\":\"https:\/\/fuzehr.com\/wp-content\/uploads\/logo.png\",\"width\":512,\"height\":512,\"caption\":\"Fuze HR Solutions Inc.\"},\"image\":{\"@id\":\"https:\/\/fuzehr.com\/fr\/#\/schema\/logo\/image\/\"},\"sameAs\":[\"https:\/\/x.com\/fuzehr\",\"https:\/\/www.linkedin.com\/company\/fuzehrsolutions\"]}]}<\/script>\n<!-- \/ Yoast SEO plugin. -->","yoast_head_json":{"title":"Nos divisions sp\u00e9cialis\u00e9es - des services RH adapt\u00e9s \u00e0 tous les domaines - Fuze HR Solutions","robots":{"index":"index","follow":"follow","max-snippet":"max-snippet:-1","max-image-preview":"max-image-preview:large","max-video-preview":"max-video-preview:-1"},"canonical":"https:\/\/fuzehr.com\/fr\/our-specialized-divisions-hr-services-catered-to-any-industries\/","og_locale":"fr_FR","og_type":"article","og_title":"Nos divisions sp\u00e9cialis\u00e9es - des services RH adapt\u00e9s \u00e0 tous les domaines - Fuze HR Solutions","og_description":"Fuze HR propose des solutions de recrutement pour tous les plans d&#8217;embauche et tous les domaines d&rsquo;activit\u00e9. Fuze HR Solutions est \u226aun touche-\u00e0-tout\u226b et \u226aun ma\u00eetre de TOUT\u226b! Fuze HR Solutions est une agence de recrutement et de placement de personnel sp\u00e9cialis\u00e9e dans plusieurs secteurs d&rsquo;activit\u00e9. Nous sommes des touche-\u00e0-tout mais des ma\u00eetres de TOUS, [&hellip;]","og_url":"https:\/\/fuzehr.com\/fr\/our-specialized-divisions-hr-services-catered-to-any-industries\/","og_site_name":"Fuze HR Solutions","article_modified_time":"2023-09-13T16:30:20+00:00","og_image":[{"width":1200,"height":600,"url":"https:\/\/fuzehr.com\/wp-content\/uploads\/feautred_image_1.jpg","type":"image\/jpeg"}],"twitter_card":"summary_large_image","twitter_site":"@fuzehr","twitter_misc":{"Dur\u00e9e de lecture estim\u00e9e":"1 minute"},"schema":{"@context":"https:\/\/schema.org","@graph":[{"@type":"WebPage","@id":"https:\/\/fuzehr.com\/fr\/our-specialized-divisions-hr-services-catered-to-any-industries\/","url":"https:\/\/fuzehr.com\/fr\/our-specialized-divisions-hr-services-catered-to-any-industries\/","name":"Nos divisions sp\u00e9cialis\u00e9es - des services RH adapt\u00e9s \u00e0 tous les domaines - Fuze HR Solutions","isPartOf":{"@id":"https:\/\/fuzehr.com\/fr\/#website"},"datePublished":"2023-08-18T19:53:58+00:00","dateModified":"2023-09-13T16:30:20+00:00","breadcrumb":{"@id":"https:\/\/fuzehr.com\/fr\/our-specialized-divisions-hr-services-catered-to-any-industries\/#breadcrumb"},"inLanguage":"fr-FR","potentialAction":[{"@type":"ReadAction","target":["https:\/\/fuzehr.com\/fr\/our-specialized-divisions-hr-services-catered-to-any-industries\/"]}]},{"@type":"BreadcrumbList","@id":"https:\/\/fuzehr.com\/fr\/our-specialized-divisions-hr-services-catered-to-any-industries\/#breadcrumb","itemListElement":[{"@type":"ListItem","position":1,"name":"Home","item":"https:\/\/fuzehr.com\/fr\/"},{"@type":"ListItem","position":2,"name":"Nos divisions sp\u00e9cialis\u00e9es &#8211; des services RH adapt\u00e9s \u00e0 tous les domaines"}]},{"@type":"WebSite","@id":"https:\/\/fuzehr.com\/fr\/#website","url":"https:\/\/fuzehr.com\/fr\/","name":"Fuze HR Solutions","description":"Staffing &amp; Recruitment Agency | Temporary &amp; Permanent Jobs","publisher":{"@id":"https:\/\/fuzehr.com\/fr\/#organization"},"potentialAction":[{"@type":"SearchAction","target":{"@type":"EntryPoint","urlTemplate":"https:\/\/fuzehr.com\/fr\/?s={search_term_string}"},"query-input":{"@type":"PropertyValueSpecification","valueRequired":true,"valueName":"search_term_string"}}],"inLanguage":"fr-FR"},{"@type":"Organization","@id":"https:\/\/fuzehr.com\/fr\/#organization","name":"Fuze HR Solutions Inc.","url":"https:\/\/fuzehr.com\/fr\/","logo":{"@type":"ImageObject","inLanguage":"fr-FR","@id":"https:\/\/fuzehr.com\/fr\/#\/schema\/logo\/image\/","url":"https:\/\/fuzehr.com\/wp-content\/uploads\/logo.png","contentUrl":"https:\/\/fuzehr.com\/wp-content\/uploads\/logo.png","width":512,"height":512,"caption":"Fuze HR Solutions Inc."},"image":{"@id":"https:\/\/fuzehr.com\/fr\/#\/schema\/logo\/image\/"},"sameAs":["https:\/\/x.com\/fuzehr","https:\/\/www.linkedin.com\/company\/fuzehrsolutions"]}]}},"_links":{"self":[{"href":"https:\/\/fuzehr.com\/fr\/wp-json\/wp\/v2\/pages\/548757"}],"collection":[{"href":"https:\/\/fuzehr.com\/fr\/wp-json\/wp\/v2\/pages"}],"about":[{"href":"https:\/\/fuzehr.com\/fr\/wp-json\/wp\/v2\/types\/page"}],"author":[{"embeddable":true,"href":"https:\/\/fuzehr.com\/fr\/wp-json\/wp\/v2\/users\/3"}],"replies":[{"embeddable":true,"href":"https:\/\/fuzehr.com\/fr\/wp-json\/wp\/v2\/comments?post=548757"}],"version-history":[{"count":16,"href":"https:\/\/fuzehr.com\/fr\/wp-json\/wp\/v2\/pages\/548757\/revisions"}],"predecessor-version":[{"id":548793,"href":"https:\/\/fuzehr.com\/fr\/wp-json\/wp\/v2\/pages\/548757\/revisions\/548793"}],"wp:attachment":[{"href":"https:\/\/fuzehr.com\/fr\/wp-json\/wp\/v2\/media?parent=548757"}],"curies":[{"name":"wp","href":"https:\/\/api.w.org\/{rel}","templated":true}]}}