{"id":544836,"date":"2023-06-21T16:55:20","date_gmt":"2023-06-21T20:55:20","guid":{"rendered":"https:\/\/fuzehr.com\/?page_id=544836"},"modified":"2023-06-21T16:56:58","modified_gmt":"2023-06-21T20:56:58","slug":"utilisation-non-autorisee-de-nos-marques","status":"publish","type":"page","link":"https:\/\/fuzehr.com\/fr\/utilisation-non-autorisee-de-nos-marques\/","title":{"rendered":"Utilisation non autoris\u00e9e de nos marques"},"content":{"rendered":"\t\t<div data-elementor-type=\"wp-page\" data-elementor-id=\"544836\" class=\"elementor elementor-544836 elementor-544825\">\n\t\t\t\t\t\t<div class=\"elementor-inner\">\n\t\t\t\t<div class=\"elementor-section-wrap\">\n\t\t\t\t\t\t\t\t\t<section class=\"elementor-section elementor-top-section elementor-element elementor-element-2bb161a0 elementor-section-boxed elementor-section-height-default elementor-section-height-default\" data-id=\"2bb161a0\" data-element_type=\"section\">\n\t\t\t\t\t\t<div class=\"elementor-container elementor-column-gap-wide\">\n\t\t\t\t\t\t\t<div class=\"elementor-row\">\n\t\t\t\t\t<div class=\"elementor-column elementor-col-50 elementor-top-column elementor-element elementor-element-28b186f\" data-id=\"28b186f\" data-element_type=\"column\">\n\t\t\t<div class=\"elementor-column-wrap elementor-element-populated\">\n\t\t\t\t\t\t\t<div class=\"elementor-widget-wrap\">\n\t\t\t\t\t\t<div class=\"elementor-element elementor-element-4e79b9b elementor-widget elementor-widget-heading\" data-id=\"4e79b9b\" data-element_type=\"widget\" data-widget_type=\"heading.default\">\n\t\t\t\t<div class=\"elementor-widget-container\">\n\t\t\t<h2 class=\"elementor-heading-title elementor-size-default\">Tentatives de fraude par utilisation frauduleuse de la marque Fuze HR Solutions.<\/h2>\t\t<\/div>\n\t\t\t\t<\/div>\n\t\t\t\t\t\t<\/div>\n\t\t\t\t\t<\/div>\n\t\t<\/div>\n\t\t\t\t<div class=\"elementor-column elementor-col-50 elementor-top-column elementor-element elementor-element-476d6cd\" data-id=\"476d6cd\" data-element_type=\"column\">\n\t\t\t<div class=\"elementor-column-wrap elementor-element-populated\">\n\t\t\t\t\t\t\t<div class=\"elementor-widget-wrap\">\n\t\t\t\t\t\t<div class=\"elementor-element elementor-element-1057d422 elementor-widget elementor-widget-text-editor\" data-id=\"1057d422\" data-element_type=\"widget\" data-widget_type=\"text-editor.default\">\n\t\t\t\t<div class=\"elementor-widget-container\">\n\t\t\t\t\t\t\t\t<div class=\"elementor-text-editor elementor-clearfix\">\n\t\t\t\t<p>Veuillez noter qu\u2019il y a de plus en plus d\u2019individus qui se pr\u00e9sentent faussement comme faisant partie de la compagnie Fuze HR Solutions Inc. et qui s\u2019engagent dans des activit\u00e9s frauduleuses. Nous tenons \u00e0 souligner que ces personnes n\u2019ont aucune affiliation avec les marques de Fuze HR Solutions. Ils utilisent divers moyens tels que des messages textes, l\u2019application Telegram, l\u2019application WhatsApp ou d\u2019autres moyens de communication pour se faire passer pour des recruteurs d\u2019une entreprise de Fuze HR Solutions,<\/p><ul><li>soit en faisant r\u00e9f\u00e9rence \u00e0 des offres d\u2019emploi r\u00e9elles, soit en fabriquant de fausses offres d\u2019emploi.<\/li><li>En outre, ils peuvent inciter les gens \u00e0 les contacter en publiant de fausses offres d\u2019emploi sur des sites Web d\u2019emploi sous le nom d\u2019une marque de Fuze HR Solutions.<\/li><\/ul><p>Ces imposteurs demandent des informations personnelles et exigent parfois un paiement de la part de leurs victimes peu m\u00e9fiantes. <i><b>Il est important de noter qu\u2019aucune des marques de Fuze HR Solutions ne demandera jamais de paiement ou de copie de carte de cr\u00e9dit ou de d\u00e9bit pendant le processus de recrutement ou de recherche d\u2019emploi.<\/b><\/i><\/p><p>Si vous rencontrez des cas d\u2019utilisation abusive de la marque, en particulier des activit\u00e9s frauduleuses, nous vous demandons instamment de nous contacter rapidement.<\/p><p>Les cas d\u2019utilisation abusive de la marque doivent \u00eatre signal\u00e9s \u00e0 l\u2019adresse \u00e9lectronique suivante.<\/p>\t\t\t\t\t<\/div>\n\t\t\t\t\t\t<\/div>\n\t\t\t\t<\/div>\n\t\t\t\t<div class=\"elementor-element elementor-element-d2c4062 elementor-cta--skin-classic elementor-animated-content elementor-bg-transform elementor-bg-transform-zoom-in elementor-widget elementor-widget-call-to-action\" data-id=\"d2c4062\" data-element_type=\"widget\" data-widget_type=\"call-to-action.default\">\n\t\t\t\t<div class=\"elementor-widget-container\">\n\t\t\t\t\t<div class=\"elementor-cta\">\n\t\t\t\t\t\t\t<div class=\"elementor-cta__content\">\n\t\t\t\t\n\t\t\t\t<h2 class=\"elementor-cta__title elementor-cta__content-item elementor-content-item\">D\u00e9clarer un cas imm\u00e9diatement<\/h2>\n\t\t\t\t\t\t\t\t\t<div class=\"elementor-cta__description elementor-cta__content-item elementor-content-item\">\n\t\t\t\t\t\tSi vous constatez des cas d'utilisation abusive de la marque, en particulier des activit\u00e9s frauduleuses, nous vous demandons de nous contacter imm\u00e9diatement.\t\t\t\t\t<\/div>\n\t\t\t\t\n\t\t\t\t\t\t\t\t\t<div class=\"elementor-cta__button-wrapper elementor-cta__content-item elementor-content-item \">\n\t\t\t\t\t<a class=\"elementor-cta__button elementor-button elementor-size-sm\" href=\"mailto:info@fuzehr.com\">\n\t\t\t\t\t\tSignalez un cas\t\t\t\t\t<\/a>\n\t\t\t\t\t<\/div>\n\t\t\t\t\t\t\t<\/div>\n\t\t\t\t\t\t<\/div>\n\t\t\t\t<\/div>\n\t\t\t\t<\/div>\n\t\t\t\t\t\t<\/div>\n\t\t\t\t\t<\/div>\n\t\t<\/div>\n\t\t\t\t\t\t\t\t<\/div>\n\t\t\t\t\t<\/div>\n\t\t<\/section>\n\t\t\t\t\t\t\t\t\t<\/div>\n\t\t\t<\/div>\n\t\t\t\t\t<\/div>\n\t\t","protected":false},"excerpt":{"rendered":"<p>Tentatives de fraude par utilisation frauduleuse de la marque Fuze HR Solutions. Veuillez noter qu\u2019il y a de plus en plus d\u2019individus qui se pr\u00e9sentent faussement comme faisant partie de la compagnie Fuze HR Solutions Inc. et qui s\u2019engagent dans des activit\u00e9s frauduleuses. Nous tenons \u00e0 souligner que ces personnes n\u2019ont aucune affiliation avec les [&hellip;]<\/p>\n","protected":false},"author":3,"featured_media":0,"parent":0,"menu_order":0,"comment_status":"closed","ping_status":"closed","template":"","meta":{"footnotes":""},"yoast_head":"<!-- This site is optimized with the Yoast SEO plugin v23.5 - https:\/\/yoast.com\/wordpress\/plugins\/seo\/ -->\n<title>Utilisation non autoris\u00e9e de nos marques - Fuze HR Solutions<\/title>\n<meta name=\"robots\" content=\"index, follow, max-snippet:-1, max-image-preview:large, max-video-preview:-1\" \/>\n<link rel=\"canonical\" href=\"https:\/\/fuzehr.com\/fr\/utilisation-non-autorisee-de-nos-marques\/\" \/>\n<meta property=\"og:locale\" content=\"fr_FR\" \/>\n<meta property=\"og:type\" content=\"article\" \/>\n<meta property=\"og:title\" content=\"Utilisation non autoris\u00e9e de nos marques - Fuze HR Solutions\" \/>\n<meta property=\"og:description\" content=\"Tentatives de fraude par utilisation frauduleuse de la marque Fuze HR Solutions. Veuillez noter qu\u2019il y a de plus en plus d\u2019individus qui se pr\u00e9sentent faussement comme faisant partie de la compagnie Fuze HR Solutions Inc. et qui s\u2019engagent dans des activit\u00e9s frauduleuses. Nous tenons \u00e0 souligner que ces personnes n\u2019ont aucune affiliation avec les [&hellip;]\" \/>\n<meta property=\"og:url\" content=\"https:\/\/fuzehr.com\/fr\/utilisation-non-autorisee-de-nos-marques\/\" \/>\n<meta property=\"og:site_name\" content=\"Fuze HR Solutions\" \/>\n<meta property=\"article:modified_time\" content=\"2023-06-21T20:56:58+00:00\" \/>\n<meta property=\"og:image\" content=\"https:\/\/fuzehr.com\/wp-content\/uploads\/feautred_image_1.jpg\" \/>\n\t<meta property=\"og:image:width\" content=\"1200\" \/>\n\t<meta property=\"og:image:height\" content=\"600\" \/>\n\t<meta property=\"og:image:type\" content=\"image\/jpeg\" \/>\n<meta name=\"twitter:card\" content=\"summary_large_image\" \/>\n<meta name=\"twitter:site\" content=\"@fuzehr\" \/>\n<meta name=\"twitter:label1\" content=\"Dur\u00e9e de lecture estim\u00e9e\" \/>\n\t<meta name=\"twitter:data1\" content=\"2 minutes\" \/>\n<script type=\"application\/ld+json\" class=\"yoast-schema-graph\">{\"@context\":\"https:\/\/schema.org\",\"@graph\":[{\"@type\":\"WebPage\",\"@id\":\"https:\/\/fuzehr.com\/fr\/utilisation-non-autorisee-de-nos-marques\/\",\"url\":\"https:\/\/fuzehr.com\/fr\/utilisation-non-autorisee-de-nos-marques\/\",\"name\":\"Utilisation non autoris\u00e9e de nos marques - Fuze HR Solutions\",\"isPartOf\":{\"@id\":\"https:\/\/fuzehr.com\/fr\/#website\"},\"datePublished\":\"2023-06-21T20:55:20+00:00\",\"dateModified\":\"2023-06-21T20:56:58+00:00\",\"breadcrumb\":{\"@id\":\"https:\/\/fuzehr.com\/fr\/utilisation-non-autorisee-de-nos-marques\/#breadcrumb\"},\"inLanguage\":\"fr-FR\",\"potentialAction\":[{\"@type\":\"ReadAction\",\"target\":[\"https:\/\/fuzehr.com\/fr\/utilisation-non-autorisee-de-nos-marques\/\"]}]},{\"@type\":\"BreadcrumbList\",\"@id\":\"https:\/\/fuzehr.com\/fr\/utilisation-non-autorisee-de-nos-marques\/#breadcrumb\",\"itemListElement\":[{\"@type\":\"ListItem\",\"position\":1,\"name\":\"Home\",\"item\":\"https:\/\/fuzehr.com\/fr\/\"},{\"@type\":\"ListItem\",\"position\":2,\"name\":\"Utilisation non autoris\u00e9e de nos marques\"}]},{\"@type\":\"WebSite\",\"@id\":\"https:\/\/fuzehr.com\/fr\/#website\",\"url\":\"https:\/\/fuzehr.com\/fr\/\",\"name\":\"Fuze HR Solutions\",\"description\":\"Staffing &amp; Recruitment Agency | Temporary &amp; Permanent Jobs\",\"publisher\":{\"@id\":\"https:\/\/fuzehr.com\/fr\/#organization\"},\"potentialAction\":[{\"@type\":\"SearchAction\",\"target\":{\"@type\":\"EntryPoint\",\"urlTemplate\":\"https:\/\/fuzehr.com\/fr\/?s={search_term_string}\"},\"query-input\":{\"@type\":\"PropertyValueSpecification\",\"valueRequired\":true,\"valueName\":\"search_term_string\"}}],\"inLanguage\":\"fr-FR\"},{\"@type\":\"Organization\",\"@id\":\"https:\/\/fuzehr.com\/fr\/#organization\",\"name\":\"Fuze HR Solutions Inc.\",\"url\":\"https:\/\/fuzehr.com\/fr\/\",\"logo\":{\"@type\":\"ImageObject\",\"inLanguage\":\"fr-FR\",\"@id\":\"https:\/\/fuzehr.com\/fr\/#\/schema\/logo\/image\/\",\"url\":\"https:\/\/fuzehr.com\/wp-content\/uploads\/logo.png\",\"contentUrl\":\"https:\/\/fuzehr.com\/wp-content\/uploads\/logo.png\",\"width\":512,\"height\":512,\"caption\":\"Fuze HR Solutions Inc.\"},\"image\":{\"@id\":\"https:\/\/fuzehr.com\/fr\/#\/schema\/logo\/image\/\"},\"sameAs\":[\"https:\/\/x.com\/fuzehr\",\"https:\/\/www.linkedin.com\/company\/fuzehrsolutions\"]}]}<\/script>\n<!-- \/ Yoast SEO plugin. -->","yoast_head_json":{"title":"Utilisation non autoris\u00e9e de nos marques - Fuze HR Solutions","robots":{"index":"index","follow":"follow","max-snippet":"max-snippet:-1","max-image-preview":"max-image-preview:large","max-video-preview":"max-video-preview:-1"},"canonical":"https:\/\/fuzehr.com\/fr\/utilisation-non-autorisee-de-nos-marques\/","og_locale":"fr_FR","og_type":"article","og_title":"Utilisation non autoris\u00e9e de nos marques - Fuze HR Solutions","og_description":"Tentatives de fraude par utilisation frauduleuse de la marque Fuze HR Solutions. Veuillez noter qu\u2019il y a de plus en plus d\u2019individus qui se pr\u00e9sentent faussement comme faisant partie de la compagnie Fuze HR Solutions Inc. et qui s\u2019engagent dans des activit\u00e9s frauduleuses. Nous tenons \u00e0 souligner que ces personnes n\u2019ont aucune affiliation avec les [&hellip;]","og_url":"https:\/\/fuzehr.com\/fr\/utilisation-non-autorisee-de-nos-marques\/","og_site_name":"Fuze HR Solutions","article_modified_time":"2023-06-21T20:56:58+00:00","og_image":[{"width":1200,"height":600,"url":"https:\/\/fuzehr.com\/wp-content\/uploads\/feautred_image_1.jpg","type":"image\/jpeg"}],"twitter_card":"summary_large_image","twitter_site":"@fuzehr","twitter_misc":{"Dur\u00e9e de lecture estim\u00e9e":"2 minutes"},"schema":{"@context":"https:\/\/schema.org","@graph":[{"@type":"WebPage","@id":"https:\/\/fuzehr.com\/fr\/utilisation-non-autorisee-de-nos-marques\/","url":"https:\/\/fuzehr.com\/fr\/utilisation-non-autorisee-de-nos-marques\/","name":"Utilisation non autoris\u00e9e de nos marques - Fuze HR Solutions","isPartOf":{"@id":"https:\/\/fuzehr.com\/fr\/#website"},"datePublished":"2023-06-21T20:55:20+00:00","dateModified":"2023-06-21T20:56:58+00:00","breadcrumb":{"@id":"https:\/\/fuzehr.com\/fr\/utilisation-non-autorisee-de-nos-marques\/#breadcrumb"},"inLanguage":"fr-FR","potentialAction":[{"@type":"ReadAction","target":["https:\/\/fuzehr.com\/fr\/utilisation-non-autorisee-de-nos-marques\/"]}]},{"@type":"BreadcrumbList","@id":"https:\/\/fuzehr.com\/fr\/utilisation-non-autorisee-de-nos-marques\/#breadcrumb","itemListElement":[{"@type":"ListItem","position":1,"name":"Home","item":"https:\/\/fuzehr.com\/fr\/"},{"@type":"ListItem","position":2,"name":"Utilisation non autoris\u00e9e de nos marques"}]},{"@type":"WebSite","@id":"https:\/\/fuzehr.com\/fr\/#website","url":"https:\/\/fuzehr.com\/fr\/","name":"Fuze HR Solutions","description":"Staffing &amp; Recruitment Agency | Temporary &amp; Permanent Jobs","publisher":{"@id":"https:\/\/fuzehr.com\/fr\/#organization"},"potentialAction":[{"@type":"SearchAction","target":{"@type":"EntryPoint","urlTemplate":"https:\/\/fuzehr.com\/fr\/?s={search_term_string}"},"query-input":{"@type":"PropertyValueSpecification","valueRequired":true,"valueName":"search_term_string"}}],"inLanguage":"fr-FR"},{"@type":"Organization","@id":"https:\/\/fuzehr.com\/fr\/#organization","name":"Fuze HR Solutions Inc.","url":"https:\/\/fuzehr.com\/fr\/","logo":{"@type":"ImageObject","inLanguage":"fr-FR","@id":"https:\/\/fuzehr.com\/fr\/#\/schema\/logo\/image\/","url":"https:\/\/fuzehr.com\/wp-content\/uploads\/logo.png","contentUrl":"https:\/\/fuzehr.com\/wp-content\/uploads\/logo.png","width":512,"height":512,"caption":"Fuze HR Solutions Inc."},"image":{"@id":"https:\/\/fuzehr.com\/fr\/#\/schema\/logo\/image\/"},"sameAs":["https:\/\/x.com\/fuzehr","https:\/\/www.linkedin.com\/company\/fuzehrsolutions"]}]}},"_links":{"self":[{"href":"https:\/\/fuzehr.com\/fr\/wp-json\/wp\/v2\/pages\/544836"}],"collection":[{"href":"https:\/\/fuzehr.com\/fr\/wp-json\/wp\/v2\/pages"}],"about":[{"href":"https:\/\/fuzehr.com\/fr\/wp-json\/wp\/v2\/types\/page"}],"author":[{"embeddable":true,"href":"https:\/\/fuzehr.com\/fr\/wp-json\/wp\/v2\/users\/3"}],"replies":[{"embeddable":true,"href":"https:\/\/fuzehr.com\/fr\/wp-json\/wp\/v2\/comments?post=544836"}],"version-history":[{"count":4,"href":"https:\/\/fuzehr.com\/fr\/wp-json\/wp\/v2\/pages\/544836\/revisions"}],"predecessor-version":[{"id":544840,"href":"https:\/\/fuzehr.com\/fr\/wp-json\/wp\/v2\/pages\/544836\/revisions\/544840"}],"wp:attachment":[{"href":"https:\/\/fuzehr.com\/fr\/wp-json\/wp\/v2\/media?parent=544836"}],"curies":[{"name":"wp","href":"https:\/\/api.w.org\/{rel}","templated":true}]}}