{"id":4310,"date":"2020-12-16T15:22:00","date_gmt":"2020-12-16T20:22:00","guid":{"rendered":"https:\/\/fuzehr.com\/?page_id=4310"},"modified":"2024-02-09T14:24:26","modified_gmt":"2024-02-09T19:24:26","slug":"programme-de-recompenses-pour-candidat","status":"publish","type":"page","link":"https:\/\/fuzehr.com\/fr\/a-propos\/programme-de-recompenses-pour-candidat\/","title":{"rendered":"Programme de r\u00e9compenses pour candidat"},"content":{"rendered":"\t\t<div data-elementor-type=\"wp-page\" data-elementor-id=\"4310\" class=\"elementor elementor-4310 elementor-4158\">\n\t\t\t\t\t\t<div class=\"elementor-inner\">\n\t\t\t\t<div class=\"elementor-section-wrap\">\n\t\t\t\t\t\t\t\t\t<section data-dce-background-overlay-color=\"#030000\" data-dce-background-image-url=\"https:\/\/fuzehr.com\/wp-content\/uploads\/outsourcing-payroll-services.jpg\" class=\"elementor-section elementor-top-section elementor-element elementor-element-64d7ea03 elementor-section-height-min-height elementor-section-boxed elementor-section-height-default elementor-section-items-middle\" data-id=\"64d7ea03\" data-element_type=\"section\" data-settings=\"{&quot;background_background&quot;:&quot;classic&quot;}\">\n\t\t\t\t\t\t\t<div class=\"elementor-background-overlay\"><\/div>\n\t\t\t\t\t\t\t<div class=\"elementor-container elementor-column-gap-default\">\n\t\t\t\t\t\t\t<div class=\"elementor-row\">\n\t\t\t\t\t<div class=\"elementor-column elementor-col-100 elementor-top-column elementor-element elementor-element-567b0bd1 elementor-invisible\" data-id=\"567b0bd1\" data-element_type=\"column\" data-settings=\"{&quot;animation&quot;:&quot;fadeInDown&quot;}\">\n\t\t\t<div class=\"elementor-column-wrap elementor-element-populated\">\n\t\t\t\t\t\t\t<div class=\"elementor-widget-wrap\">\n\t\t\t\t\t\t<div class=\"elementor-element elementor-element-3672069a elementor-widget elementor-widget-heading\" data-id=\"3672069a\" data-element_type=\"widget\" data-widget_type=\"heading.default\">\n\t\t\t\t<div class=\"elementor-widget-container\">\n\t\t\t<h1 class=\"elementor-heading-title elementor-size-default\">Programme de r\u00e9compenses<\/h1>\t\t<\/div>\n\t\t\t\t<\/div>\n\t\t\t\t\t\t<\/div>\n\t\t\t\t\t<\/div>\n\t\t<\/div>\n\t\t\t\t\t\t\t\t<\/div>\n\t\t\t\t\t<\/div>\n\t\t<\/section>\n\t\t\t\t<section data-dce-background-image-url=\"https:\/\/fuzehr.com\/wp-content\/uploads\/header_papers.png\" class=\"elementor-section elementor-top-section elementor-element elementor-element-44343c1c elementor-section-stretched elementor-section-boxed elementor-section-height-default elementor-section-height-default\" data-id=\"44343c1c\" data-element_type=\"section\" data-settings=\"{&quot;stretch_section&quot;:&quot;section-stretched&quot;,&quot;background_background&quot;:&quot;classic&quot;}\">\n\t\t\t\t\t\t<div class=\"elementor-container elementor-column-gap-wide\">\n\t\t\t\t\t\t\t<div class=\"elementor-row\">\n\t\t\t\t\t<div class=\"elementor-column elementor-col-50 elementor-top-column elementor-element elementor-element-612dbdf7 elementor-invisible\" data-id=\"612dbdf7\" data-element_type=\"column\" data-settings=\"{&quot;animation&quot;:&quot;fadeInDown&quot;,&quot;animation_tablet&quot;:&quot;fadeInLeft&quot;}\">\n\t\t\t<div class=\"elementor-column-wrap elementor-element-populated\">\n\t\t\t\t\t\t\t<div class=\"elementor-widget-wrap\">\n\t\t\t\t\t\t<div class=\"elementor-element elementor-element-557afcc0 elementor-widget elementor-widget-heading\" data-id=\"557afcc0\" data-element_type=\"widget\" data-widget_type=\"heading.default\">\n\t\t\t\t<div class=\"elementor-widget-container\">\n\t\t\t<h2 class=\"elementor-heading-title elementor-size-default\">Soyez r\u00e9compens\u00e9 jusqu\u2019\u00e0 500 $ pour r\u00e9f\u00e9rer un ami plac\u00e9 chez Fuze RH!<\/h2>\t\t<\/div>\n\t\t\t\t<\/div>\n\t\t\t\t<div class=\"elementor-element elementor-element-b3a581a elementor-widget elementor-widget-text-editor\" data-id=\"b3a581a\" data-element_type=\"widget\" data-widget_type=\"text-editor.default\">\n\t\t\t\t<div class=\"elementor-widget-container\">\n\t\t\t\t\t\t\t\t<div class=\"elementor-text-editor elementor-clearfix\">\n\t\t\t\t<h5>Pour les postes temporaires :**<\/h5><ul><li>100 $<\/li><\/ul><p><em>**\u00a0La personne doit avoir travaill\u00e9 pendant 4\u00a0semaines.<\/em><\/p><p>Demandez \u00e0 votre recruteur pour des renseignements suppl\u00e9mentaires.<\/p>\t\t\t\t\t<\/div>\n\t\t\t\t\t\t<\/div>\n\t\t\t\t<\/div>\n\t\t\t\t<div class=\"elementor-element elementor-element-8a5f621 elementor-widget-divider--view-line elementor-widget elementor-widget-divider\" data-id=\"8a5f621\" data-element_type=\"widget\" data-widget_type=\"divider.default\">\n\t\t\t\t<div class=\"elementor-widget-container\">\n\t\t\t\t\t<div class=\"elementor-divider\">\n\t\t\t<span class=\"elementor-divider-separator\">\n\t\t\t\t\t\t<\/span>\n\t\t<\/div>\n\t\t\t\t<\/div>\n\t\t\t\t<\/div>\n\t\t\t\t<div class=\"elementor-element elementor-element-82d4d4c elementor-widget elementor-widget-text-editor\" data-id=\"82d4d4c\" data-element_type=\"widget\" data-widget_type=\"text-editor.default\">\n\t\t\t\t<div class=\"elementor-widget-container\">\n\t\t\t\t\t\t\t\t<div class=\"elementor-text-editor elementor-clearfix\">\n\t\t\t\t<h5>Pour des postes\u00a0permanents :<\/h5><p>Soyez r\u00e9compens\u00e9s avec une somme de\u00a0:*<\/p><ul><li>150 $ pour les\u00a0postes\u00a0juniors<\/li><li>250 $ pour les\u00a0postes\u00a0interm\u00e9diares<\/li><li>500 $ pour les postes s\u00e9niors<\/li><\/ul><p><em>* Pour \u00eatre r\u00e9compens\u00e9, le candidat doit compl\u00e9t\u00e9 leur p\u00e9riode de garantie.<\/em><\/p>\t\t\t\t\t<\/div>\n\t\t\t\t\t\t<\/div>\n\t\t\t\t<\/div>\n\t\t\t\t<div class=\"elementor-element elementor-element-6b1977f elementor-widget-divider--view-line elementor-widget elementor-widget-divider\" data-id=\"6b1977f\" data-element_type=\"widget\" data-widget_type=\"divider.default\">\n\t\t\t\t<div class=\"elementor-widget-container\">\n\t\t\t\t\t<div class=\"elementor-divider\">\n\t\t\t<span class=\"elementor-divider-separator\">\n\t\t\t\t\t\t<\/span>\n\t\t<\/div>\n\t\t\t\t<\/div>\n\t\t\t\t<\/div>\n\t\t\t\t<div class=\"elementor-element elementor-element-213aba5 elementor-widget elementor-widget-text-editor\" data-id=\"213aba5\" data-element_type=\"widget\" data-widget_type=\"text-editor.default\">\n\t\t\t\t<div class=\"elementor-widget-container\">\n\t\t\t\t\t\t\t\t<div class=\"elementor-text-editor elementor-clearfix\">\n\t\t\t\t<h5>Pour des professionels des m\u00e9tiers sp\u00e9cialis\u00e9s :<\/h5><p>Soyez r\u00e9compens\u00e9s avec une somme de 250 $ pour chaque r\u00e9f\u00e9rence.*<\/p><p><em>* Pour \u00eatre r\u00e9compens\u00e9, le candidat doit compl\u00e9t\u00e9 leur 3 mois de probation.<\/em><\/p>\t\t\t\t\t<\/div>\n\t\t\t\t\t\t<\/div>\n\t\t\t\t<\/div>\n\t\t\t\t\t\t<\/div>\n\t\t\t\t\t<\/div>\n\t\t<\/div>\n\t\t\t\t<div class=\"elementor-column elementor-col-50 elementor-top-column elementor-element elementor-element-7e65e275 elementor-invisible\" data-id=\"7e65e275\" data-element_type=\"column\" data-settings=\"{&quot;animation&quot;:&quot;fadeInUp&quot;,&quot;animation_tablet&quot;:&quot;fadeInRight&quot;}\">\n\t\t\t<div class=\"elementor-column-wrap elementor-element-populated\">\n\t\t\t\t\t\t\t<div class=\"elementor-widget-wrap\">\n\t\t\t\t\t\t<div class=\"elementor-element elementor-element-719c591a elementor-widget elementor-widget-image\" data-id=\"719c591a\" data-element_type=\"widget\" data-widget_type=\"image.default\">\n\t\t\t\t<div class=\"elementor-widget-container\">\n\t\t\t\t\t\t\t\t<div class=\"elementor-image\">\n\t\t\t\t\t\t\t\t\t\t\t\t<img decoding=\"async\" src=\"https:\/\/fuzehr.com\/wp-content\/uploads\/elementor\/thumbs\/accounting-finance-professionals-1-pilhnu2ewhp0c1ohhs51idc32vqss2cbx7xxmuv1w8.jpg\" title=\"accounting-finance-professionals-1\" alt=\"accounting-finance-professionals-1\" loading=\"lazy\" \/>\t\t\t\t\t\t\t\t\t\t\t\t\t\t<\/div>\n\t\t\t\t\t\t<\/div>\n\t\t\t\t<\/div>\n\t\t\t\t<div class=\"elementor-element elementor-element-df7e1b6 elementor-absolute elementor-widget elementor-widget-image\" data-id=\"df7e1b6\" data-element_type=\"widget\" data-settings=\"{&quot;_position&quot;:&quot;absolute&quot;}\" data-widget_type=\"image.default\">\n\t\t\t\t<div class=\"elementor-widget-container\">\n\t\t\t\t\t\t\t\t<div class=\"elementor-image\">\n\t\t\t\t\t\t\t\t\t\t\t\t<img decoding=\"async\" src=\"https:\/\/fuzehr.com\/wp-content\/uploads\/elementor\/thumbs\/manager-supervisor-worker-discussing-about-production-results-new-strategy-factory-industrial-hall-psn35f4vdrh7ogwgg32ekqxcnxyf5t3iain0tomkc0.jpg\" title=\"manager-supervisor-worker-discussing-about-production-results-new-strategy-factory-industrial-hall\" alt=\"manager-supervisor-worker-discussing-about-production-results-new-strategy-factory-industrial-hall\" loading=\"lazy\" \/>\t\t\t\t\t\t\t\t\t\t\t\t\t\t<\/div>\n\t\t\t\t\t\t<\/div>\n\t\t\t\t<\/div>\n\t\t\t\t\t\t<\/div>\n\t\t\t\t\t<\/div>\n\t\t<\/div>\n\t\t\t\t\t\t\t\t<\/div>\n\t\t\t\t\t<\/div>\n\t\t<\/section>\n\t\t\t\t\t\t\t\t\t<\/div>\n\t\t\t<\/div>\n\t\t\t\t\t<\/div>\n\t\t","protected":false},"excerpt":{"rendered":"<p>Programme de r\u00e9compenses Soyez r\u00e9compens\u00e9 jusqu\u2019\u00e0 500 $ pour r\u00e9f\u00e9rer un ami plac\u00e9 chez Fuze RH! Pour les postes temporaires :** 100 $ **\u00a0La personne doit avoir travaill\u00e9 pendant 4\u00a0semaines. Demandez \u00e0 votre recruteur pour des renseignements suppl\u00e9mentaires. Pour des postes\u00a0permanents : Soyez r\u00e9compens\u00e9s avec une somme de\u00a0:* 150 $ pour les\u00a0postes\u00a0juniors 250 $ pour [&hellip;]<\/p>\n","protected":false},"author":3,"featured_media":0,"parent":563869,"menu_order":0,"comment_status":"closed","ping_status":"closed","template":"elementor_header_footer","meta":{"footnotes":""},"yoast_head":"<!-- This site is optimized with the Yoast SEO plugin v23.5 - https:\/\/yoast.com\/wordpress\/plugins\/seo\/ -->\n<title>Programme de r\u00e9compenses pour candidat - Fuze HR Solutions<\/title>\n<meta name=\"robots\" content=\"index, follow, max-snippet:-1, max-image-preview:large, max-video-preview:-1\" \/>\n<link rel=\"canonical\" href=\"https:\/\/fuzehr.com\/about-us\/candidate-referral-program\/\" \/>\n<meta property=\"og:locale\" content=\"fr_FR\" \/>\n<meta property=\"og:type\" content=\"article\" \/>\n<meta property=\"og:title\" content=\"Programme de r\u00e9compenses pour candidat - Fuze HR Solutions\" \/>\n<meta property=\"og:description\" content=\"Programme de r\u00e9compenses Soyez r\u00e9compens\u00e9 jusqu\u2019\u00e0 500 $ pour r\u00e9f\u00e9rer un ami plac\u00e9 chez Fuze RH! Pour les postes temporaires :** 100 $ **\u00a0La personne doit avoir travaill\u00e9 pendant 4\u00a0semaines. Demandez \u00e0 votre recruteur pour des renseignements suppl\u00e9mentaires. Pour des postes\u00a0permanents : Soyez r\u00e9compens\u00e9s avec une somme de\u00a0:* 150 $ pour les\u00a0postes\u00a0juniors 250 $ pour [&hellip;]\" \/>\n<meta property=\"og:url\" content=\"https:\/\/fuzehr.com\/about-us\/candidate-referral-program\/\" \/>\n<meta property=\"og:site_name\" content=\"Fuze HR Solutions\" \/>\n<meta property=\"article:modified_time\" content=\"2024-02-09T19:24:26+00:00\" \/>\n<meta property=\"og:image\" content=\"https:\/\/fuzehr.com\/wp-content\/uploads\/elementor\/thumbs\/accounting-finance-professionals-1-pilhnu2ewhp0c1ohhs51idc32vqss2cbx7xxmuv1w8.jpg\" \/>\n<meta name=\"twitter:card\" content=\"summary_large_image\" \/>\n<meta name=\"twitter:site\" content=\"@fuzehr\" \/>\n<meta name=\"twitter:label1\" content=\"Dur\u00e9e de lecture estim\u00e9e\" \/>\n\t<meta name=\"twitter:data1\" content=\"1 minute\" \/>\n<script type=\"application\/ld+json\" class=\"yoast-schema-graph\">{\"@context\":\"https:\/\/schema.org\",\"@graph\":[{\"@type\":\"WebPage\",\"@id\":\"https:\/\/fuzehr.com\/about-us\/candidate-referral-program\/\",\"url\":\"https:\/\/fuzehr.com\/about-us\/candidate-referral-program\/\",\"name\":\"Programme de r\u00e9compenses pour candidat - Fuze HR Solutions\",\"isPartOf\":{\"@id\":\"https:\/\/fuzehr.com\/fr\/#website\"},\"primaryImageOfPage\":{\"@id\":\"https:\/\/fuzehr.com\/about-us\/candidate-referral-program\/#primaryimage\"},\"image\":{\"@id\":\"https:\/\/fuzehr.com\/about-us\/candidate-referral-program\/#primaryimage\"},\"thumbnailUrl\":\"https:\/\/fuzehr.com\/wp-content\/uploads\/elementor\/thumbs\/accounting-finance-professionals-1-pilhnu2ewhp0c1ohhs51idc32vqss2cbx7xxmuv1w8.jpg\",\"datePublished\":\"2020-12-16T20:22:00+00:00\",\"dateModified\":\"2024-02-09T19:24:26+00:00\",\"breadcrumb\":{\"@id\":\"https:\/\/fuzehr.com\/about-us\/candidate-referral-program\/#breadcrumb\"},\"inLanguage\":\"fr-FR\",\"potentialAction\":[{\"@type\":\"ReadAction\",\"target\":[\"https:\/\/fuzehr.com\/about-us\/candidate-referral-program\/\"]}]},{\"@type\":\"ImageObject\",\"inLanguage\":\"fr-FR\",\"@id\":\"https:\/\/fuzehr.com\/about-us\/candidate-referral-program\/#primaryimage\",\"url\":\"https:\/\/fuzehr.com\/wp-content\/uploads\/elementor\/thumbs\/accounting-finance-professionals-1-pilhnu2ewhp0c1ohhs51idc32vqss2cbx7xxmuv1w8.jpg\",\"contentUrl\":\"https:\/\/fuzehr.com\/wp-content\/uploads\/elementor\/thumbs\/accounting-finance-professionals-1-pilhnu2ewhp0c1ohhs51idc32vqss2cbx7xxmuv1w8.jpg\"},{\"@type\":\"BreadcrumbList\",\"@id\":\"https:\/\/fuzehr.com\/about-us\/candidate-referral-program\/#breadcrumb\",\"itemListElement\":[{\"@type\":\"ListItem\",\"position\":1,\"name\":\"Home\",\"item\":\"https:\/\/fuzehr.com\/fr\/\"},{\"@type\":\"ListItem\",\"position\":2,\"name\":\"\u00c0 Propos\",\"item\":\"https:\/\/fuzehr.com\/about-us\/\"},{\"@type\":\"ListItem\",\"position\":3,\"name\":\"Programme de r\u00e9compenses pour candidat\"}]},{\"@type\":\"WebSite\",\"@id\":\"https:\/\/fuzehr.com\/fr\/#website\",\"url\":\"https:\/\/fuzehr.com\/fr\/\",\"name\":\"Fuze HR Solutions\",\"description\":\"Staffing &amp; Recruitment Agency | Temporary &amp; Permanent Jobs\",\"publisher\":{\"@id\":\"https:\/\/fuzehr.com\/fr\/#organization\"},\"potentialAction\":[{\"@type\":\"SearchAction\",\"target\":{\"@type\":\"EntryPoint\",\"urlTemplate\":\"https:\/\/fuzehr.com\/fr\/?s={search_term_string}\"},\"query-input\":{\"@type\":\"PropertyValueSpecification\",\"valueRequired\":true,\"valueName\":\"search_term_string\"}}],\"inLanguage\":\"fr-FR\"},{\"@type\":\"Organization\",\"@id\":\"https:\/\/fuzehr.com\/fr\/#organization\",\"name\":\"Fuze HR Solutions Inc.\",\"url\":\"https:\/\/fuzehr.com\/fr\/\",\"logo\":{\"@type\":\"ImageObject\",\"inLanguage\":\"fr-FR\",\"@id\":\"https:\/\/fuzehr.com\/fr\/#\/schema\/logo\/image\/\",\"url\":\"https:\/\/fuzehr.com\/wp-content\/uploads\/logo.png\",\"contentUrl\":\"https:\/\/fuzehr.com\/wp-content\/uploads\/logo.png\",\"width\":512,\"height\":512,\"caption\":\"Fuze HR Solutions Inc.\"},\"image\":{\"@id\":\"https:\/\/fuzehr.com\/fr\/#\/schema\/logo\/image\/\"},\"sameAs\":[\"https:\/\/x.com\/fuzehr\",\"https:\/\/www.linkedin.com\/company\/fuzehrsolutions\"]}]}<\/script>\n<!-- \/ Yoast SEO plugin. -->","yoast_head_json":{"title":"Programme de r\u00e9compenses pour candidat - Fuze HR Solutions","robots":{"index":"index","follow":"follow","max-snippet":"max-snippet:-1","max-image-preview":"max-image-preview:large","max-video-preview":"max-video-preview:-1"},"canonical":"https:\/\/fuzehr.com\/about-us\/candidate-referral-program\/","og_locale":"fr_FR","og_type":"article","og_title":"Programme de r\u00e9compenses pour candidat - Fuze HR Solutions","og_description":"Programme de r\u00e9compenses Soyez r\u00e9compens\u00e9 jusqu\u2019\u00e0 500 $ pour r\u00e9f\u00e9rer un ami plac\u00e9 chez Fuze RH! Pour les postes temporaires :** 100 $ **\u00a0La personne doit avoir travaill\u00e9 pendant 4\u00a0semaines. Demandez \u00e0 votre recruteur pour des renseignements suppl\u00e9mentaires. Pour des postes\u00a0permanents : Soyez r\u00e9compens\u00e9s avec une somme de\u00a0:* 150 $ pour les\u00a0postes\u00a0juniors 250 $ pour [&hellip;]","og_url":"https:\/\/fuzehr.com\/about-us\/candidate-referral-program\/","og_site_name":"Fuze HR Solutions","article_modified_time":"2024-02-09T19:24:26+00:00","og_image":[{"url":"https:\/\/fuzehr.com\/wp-content\/uploads\/elementor\/thumbs\/accounting-finance-professionals-1-pilhnu2ewhp0c1ohhs51idc32vqss2cbx7xxmuv1w8.jpg"}],"twitter_card":"summary_large_image","twitter_site":"@fuzehr","twitter_misc":{"Dur\u00e9e de lecture estim\u00e9e":"1 minute"},"schema":{"@context":"https:\/\/schema.org","@graph":[{"@type":"WebPage","@id":"https:\/\/fuzehr.com\/about-us\/candidate-referral-program\/","url":"https:\/\/fuzehr.com\/about-us\/candidate-referral-program\/","name":"Programme de r\u00e9compenses pour candidat - Fuze HR Solutions","isPartOf":{"@id":"https:\/\/fuzehr.com\/fr\/#website"},"primaryImageOfPage":{"@id":"https:\/\/fuzehr.com\/about-us\/candidate-referral-program\/#primaryimage"},"image":{"@id":"https:\/\/fuzehr.com\/about-us\/candidate-referral-program\/#primaryimage"},"thumbnailUrl":"https:\/\/fuzehr.com\/wp-content\/uploads\/elementor\/thumbs\/accounting-finance-professionals-1-pilhnu2ewhp0c1ohhs51idc32vqss2cbx7xxmuv1w8.jpg","datePublished":"2020-12-16T20:22:00+00:00","dateModified":"2024-02-09T19:24:26+00:00","breadcrumb":{"@id":"https:\/\/fuzehr.com\/about-us\/candidate-referral-program\/#breadcrumb"},"inLanguage":"fr-FR","potentialAction":[{"@type":"ReadAction","target":["https:\/\/fuzehr.com\/about-us\/candidate-referral-program\/"]}]},{"@type":"ImageObject","inLanguage":"fr-FR","@id":"https:\/\/fuzehr.com\/about-us\/candidate-referral-program\/#primaryimage","url":"https:\/\/fuzehr.com\/wp-content\/uploads\/elementor\/thumbs\/accounting-finance-professionals-1-pilhnu2ewhp0c1ohhs51idc32vqss2cbx7xxmuv1w8.jpg","contentUrl":"https:\/\/fuzehr.com\/wp-content\/uploads\/elementor\/thumbs\/accounting-finance-professionals-1-pilhnu2ewhp0c1ohhs51idc32vqss2cbx7xxmuv1w8.jpg"},{"@type":"BreadcrumbList","@id":"https:\/\/fuzehr.com\/about-us\/candidate-referral-program\/#breadcrumb","itemListElement":[{"@type":"ListItem","position":1,"name":"Home","item":"https:\/\/fuzehr.com\/fr\/"},{"@type":"ListItem","position":2,"name":"\u00c0 Propos","item":"https:\/\/fuzehr.com\/about-us\/"},{"@type":"ListItem","position":3,"name":"Programme de r\u00e9compenses pour candidat"}]},{"@type":"WebSite","@id":"https:\/\/fuzehr.com\/fr\/#website","url":"https:\/\/fuzehr.com\/fr\/","name":"Fuze HR Solutions","description":"Staffing &amp; Recruitment Agency | Temporary &amp; Permanent Jobs","publisher":{"@id":"https:\/\/fuzehr.com\/fr\/#organization"},"potentialAction":[{"@type":"SearchAction","target":{"@type":"EntryPoint","urlTemplate":"https:\/\/fuzehr.com\/fr\/?s={search_term_string}"},"query-input":{"@type":"PropertyValueSpecification","valueRequired":true,"valueName":"search_term_string"}}],"inLanguage":"fr-FR"},{"@type":"Organization","@id":"https:\/\/fuzehr.com\/fr\/#organization","name":"Fuze HR Solutions Inc.","url":"https:\/\/fuzehr.com\/fr\/","logo":{"@type":"ImageObject","inLanguage":"fr-FR","@id":"https:\/\/fuzehr.com\/fr\/#\/schema\/logo\/image\/","url":"https:\/\/fuzehr.com\/wp-content\/uploads\/logo.png","contentUrl":"https:\/\/fuzehr.com\/wp-content\/uploads\/logo.png","width":512,"height":512,"caption":"Fuze HR Solutions Inc."},"image":{"@id":"https:\/\/fuzehr.com\/fr\/#\/schema\/logo\/image\/"},"sameAs":["https:\/\/x.com\/fuzehr","https:\/\/www.linkedin.com\/company\/fuzehrsolutions"]}]}},"_links":{"self":[{"href":"https:\/\/fuzehr.com\/fr\/wp-json\/wp\/v2\/pages\/4310"}],"collection":[{"href":"https:\/\/fuzehr.com\/fr\/wp-json\/wp\/v2\/pages"}],"about":[{"href":"https:\/\/fuzehr.com\/fr\/wp-json\/wp\/v2\/types\/page"}],"author":[{"embeddable":true,"href":"https:\/\/fuzehr.com\/fr\/wp-json\/wp\/v2\/users\/3"}],"replies":[{"embeddable":true,"href":"https:\/\/fuzehr.com\/fr\/wp-json\/wp\/v2\/comments?post=4310"}],"version-history":[{"count":17,"href":"https:\/\/fuzehr.com\/fr\/wp-json\/wp\/v2\/pages\/4310\/revisions"}],"predecessor-version":[{"id":558007,"href":"https:\/\/fuzehr.com\/fr\/wp-json\/wp\/v2\/pages\/4310\/revisions\/558007"}],"up":[{"embeddable":true,"href":"https:\/\/fuzehr.com\/fr\/wp-json\/wp\/v2\/pages\/563869"}],"wp:attachment":[{"href":"https:\/\/fuzehr.com\/fr\/wp-json\/wp\/v2\/media?parent=4310"}],"curies":[{"name":"wp","href":"https:\/\/api.w.org\/{rel}","templated":true}]}}